{"id":1917,"date":"2023-06-01T14:47:46","date_gmt":"2023-06-01T20:47:46","guid":{"rendered":"https:\/\/calvarymaranatha.com\/?page_id=1917"},"modified":"2025-10-30T11:34:11","modified_gmt":"2025-10-30T17:34:11","slug":"landing","status":"publish","type":"page","link":"https:\/\/calvarymaranatha.com\/en\/landing\/","title":{"rendered":"Bienvenido"},"content":{"rendered":"<div class=\"vce-row-container\" data-vce-boxed-width=\"true\"><div class=\"vce-row vce-row--has-col-background vce-row--col-gap-30 vce-row-equal-height vce-row-content--top\" id=\"el-9eecb634\" data-vce-do-apply=\"all el-9eecb634\"><div class=\"vce-content-background-container\"><\/div><div class=\"vce-row-content\" data-vce-element-content=\"true\"><div class=\"vce-col vce-element--has-background vce-col--md-auto vce-col--xs-1 vce-col--xs-last vce-col--xs-first vce-col--sm-last vce-col--sm-first vce-col--md-last vce-col--lg-last vce-col--xl-last vce-col--md-first vce-col--lg-first vce-col--xl-first\" id=\"el-ccefefa8\"><div class=\"vce-col-inner\" data-vce-do-apply=\"border margin background  el-ccefefa8\"><div class=\"vce-content-background-container\"><div class=\"vce-asset-background-zoom-container vce-visible-all-only vce-asset-background-zoom--position-center-center\"><div class=\"vce-asset-background-zoom-container vce-visible-all-only vce-asset-background-zoom--position-center-center\"><div class=\"vce-asset-background-zoom--scale-helper\"><div class=\"vce-asset-background-zoom\" data-vce-assets-zoom=\"in\" data-vce-assets-zoom-scale=\"1.51\" data-vce-assets-zoom-duration=\"30\">\n              <div class=\"vce-asset-background-zoom-item vcv-lozad\" data-background-image=\"https:\/\/calvarymaranatha.com\/wp-content\/uploads\/2023\/03\/cristofer-maximilian-uQDRDqpYJHI-unsplash-scaled.jpg\"><\/div>\n              <noscript>\n                <div class=\"vce-asset-background-zoom-item\" style=\"background-image: url(https:\/\/calvarymaranatha.com\/wp-content\/uploads\/2023\/03\/cristofer-maximilian-uQDRDqpYJHI-unsplash-scaled.jpg)\"><\/div>\n              <\/noscript>\n            <\/div><\/div><\/div><\/div><\/div><div class=\"vce-col-content\" data-vce-element-content=\"true\" data-vce-do-apply=\"padding el-ccefefa8\"><div class=\"vce-text-block\"><div class=\"vce-text-block-wrapper vce\" id=\"el-e5f2879d\" data-vce-do-apply=\"all el-e5f2879d\"><h2 style=\"text-align: center;\"><span style=\"color: #800000;\"><a style=\"color: #800000;\" href=\"https:\/\/calvarymaranatha.com\/en\/landing\">ENGLISH<\/a>&nbsp; &nbsp; &nbsp; &nbsp; &nbsp; <a style=\"color: #800000;\" href=\"https:\/\/calvarymaranatha.com\/landing\">ESPA\u00d1OL<\/a><\/span><\/h2><\/div><\/div><section class=\"vce-hero-section-container vce-hero-section-media--xs vce-hero-section-media--sm vce-hero-section-media--md vce-hero-section-media--lg vce-hero-section-media--xl\"><div class=\"vce vce-hero-section\" id=\"el-fc60da32\" data-vce-do-apply=\"margin background border  el-fc60da32\" data-vce-animate=\"vce-o-animate--fadeInUp\"><div class=\"vce-hero-section--wrap-row\"><div class=\"vce-hero-section--wrap\"><div class=\"vce-hero-section--content\" data-vce-do-apply=\"padding el-fc60da32\"><div class=\"vce-hero-section--content-container\"><h1 style=\"color: #ffffff; line-height: 1;\"><span style=\"font-family: 'Bakbak One'; color: #800000; font-size: 24pt;\"><span style=\"color: #801349; font-size: 36pt;\">WE ARE A BILINGUAL CHRISTIAN CHURCH<\/span><br><span style=\"font-family: Arsenal; font-size: 18pt;\">Where We Study the Bible Verse by Verse<\/span><\/span><\/h1><\/div><div><\/div><\/div><\/div><\/div><\/div><\/section><\/div><\/div><\/div><\/div><\/div><\/div><div class=\"vce-row-container\" data-vce-boxed-width=\"true\"><div class=\"vce-row vce-row--col-gap-30 vce-row-equal-height vce-row-content--top\" id=\"el-8ca22dd0\" data-vce-do-apply=\"all el-8ca22dd0\"><div class=\"vce-content-background-container\"><\/div><div class=\"vce-row-content\" data-vce-element-content=\"true\"><div class=\"vce-col vce-col--md-auto vce-col--xs-1 vce-col--xs-last vce-col--xs-first vce-col--sm-last vce-col--sm-first vce-col--md-last vce-col--lg-last vce-col--xl-last vce-col--md-first vce-col--lg-first vce-col--xl-first\" id=\"el-f41fce1f\"><div class=\"vce-col-inner\" data-vce-do-apply=\"border margin background  el-f41fce1f\"><div class=\"vce-col-content\" data-vce-element-content=\"true\" data-vce-do-apply=\"padding el-f41fce1f\"><div class=\"vce-row-container\" data-vce-boxed-width=\"true\"><div class=\"vce-row vce-row--col-gap-30 vce-row-equal-height vce-row-content--top\" id=\"el-768bbe22\" data-vce-do-apply=\"all el-768bbe22\"><div class=\"vce-content-background-container\"><\/div><div class=\"vce-row-content\" data-vce-element-content=\"true\"><div class=\"vce-col vce-col--md-auto vce-col--xs-1 vce-col--xs-last vce-col--xs-first vce-col--sm-last vce-col--sm-first vce-col--md-last vce-col--lg-last vce-col--xl-last vce-col--md-first vce-col--lg-first vce-col--xl-first\" id=\"el-0e93bcef\"><div class=\"vce-col-inner\" data-vce-do-apply=\"border margin background  el-0e93bcef\"><div class=\"vce-content-background-container\"><\/div><div class=\"vce-col-content\" data-vce-element-content=\"true\" data-vce-do-apply=\"padding el-0e93bcef\"><div class=\"vce-row-container\" data-vce-boxed-width=\"true\"><div class=\"vce-row vce-row--has-col-background vce-row--col-gap-30 vce-row-equal-height vce-row-content--top\" id=\"el-75425d59\" data-vce-do-apply=\"all el-75425d59\"><div class=\"vce-content-background-container\"><\/div><div class=\"vce-row-content\" data-vce-element-content=\"true\"><div class=\"vce-col vce-col--md-66-66p vce-col--xs-1 vce-col--xs-last vce-col--xs-first vce-col--sm-last vce-col--sm-first vce-col--md-first vce-col--lg-first vce-col--xl-first\" id=\"el-9c6ebf9f\"><div class=\"vce-col-inner\" data-vce-do-apply=\"border margin background  el-9c6ebf9f\"><div class=\"vce-col-content\" data-vce-element-content=\"true\" data-vce-do-apply=\"padding el-9c6ebf9f\"><div class=\"vce-image-masonry-gallery\" data-photoswipe-gallery=\"f8a119f6\"><div class=\"vce-image-masonry-gallery-wrapper vce vce-image-masonry-gallery--gap-10 vce-image-masonry-gallery--columns-3\" id=\"el-f8a119f6\" data-vce-do-apply=\"all el-f8a119f6\"><div class=\"vce-image-masonry-gallery-list\"><div class=\"vce-image-masonry-gallery-column\"><a href=\"https:\/\/calvarymaranatha.com\/wp-content\/uploads\/2023\/03\/20220703120525_IMG_6023-scaled.jpg\" data-photoswipe-image=\"f8a119f6\" data-photoswipe-index=\"0\" data-photoswipe-item=\"photoswipe-f8a119f6\" class=\"vce-image-masonry-gallery-item\" data-pswp-uid=\"1\"><img decoding=\"async\" class=\"vce-image-masonry-gallery-img\" src=\"https:\/\/calvarymaranatha.com\/wp-content\/uploads\/2023\/03\/20220703120525_IMG_6023-scaled.jpg\" alt=\"\"><\/a><a href=\"https:\/\/calvarymaranatha.com\/wp-content\/uploads\/2023\/03\/335387005_937634944036006_6070376194477111444_n-e1679164517675.jpg\" data-photoswipe-image=\"f8a119f6\" data-photoswipe-index=\"1\" data-photoswipe-item=\"photoswipe-f8a119f6\" class=\"vce-image-masonry-gallery-item\" data-pswp-uid=\"2\"><img decoding=\"async\" class=\"vce-image-masonry-gallery-img\" src=\"https:\/\/calvarymaranatha.com\/wp-content\/uploads\/2023\/03\/335387005_937634944036006_6070376194477111444_n-e1679164517675.jpg\" alt=\"\"><\/a><a href=\"https:\/\/calvarymaranatha.com\/wp-content\/uploads\/2023\/03\/IMG_2677-scaled-e1679165003548.jpg\" data-photoswipe-image=\"f8a119f6\" data-photoswipe-index=\"2\" data-photoswipe-item=\"photoswipe-f8a119f6\" class=\"vce-image-masonry-gallery-item\" data-pswp-uid=\"3\"><img decoding=\"async\" class=\"vce-image-masonry-gallery-img\" src=\"https:\/\/calvarymaranatha.com\/wp-content\/uploads\/2023\/03\/IMG_2677-scaled-e1679165003548.jpg\" alt=\"\"><\/a><\/div><div class=\"vce-image-masonry-gallery-column\"><a href=\"https:\/\/calvarymaranatha.com\/wp-content\/uploads\/2023\/03\/IMG_2554FULL-2.bmp\" data-photoswipe-image=\"f8a119f6\" data-photoswipe-index=\"3\" data-photoswipe-item=\"photoswipe-f8a119f6\" class=\"vce-image-masonry-gallery-item\" data-pswp-uid=\"4\"><img decoding=\"async\" class=\"vce-image-masonry-gallery-img\" src=\"https:\/\/calvarymaranatha.com\/wp-content\/uploads\/2023\/03\/IMG_2554FULL-2.bmp\" alt=\"\"><\/a><a href=\"https:\/\/calvarymaranatha.com\/wp-content\/uploads\/2023\/03\/IMG_5353-scaled.jpg\" data-photoswipe-image=\"f8a119f6\" data-photoswipe-index=\"4\" data-photoswipe-item=\"photoswipe-f8a119f6\" class=\"vce-image-masonry-gallery-item\" data-pswp-uid=\"5\"><img decoding=\"async\" class=\"vce-image-masonry-gallery-img\" src=\"https:\/\/calvarymaranatha.com\/wp-content\/uploads\/2023\/03\/IMG_5353-scaled.jpg\" alt=\"\"><\/a><\/div><div class=\"vce-image-masonry-gallery-column\"><a href=\"https:\/\/calvarymaranatha.com\/wp-content\/uploads\/2023\/03\/IMG_4275-scaled.jpg\" data-photoswipe-image=\"f8a119f6\" data-photoswipe-index=\"5\" data-photoswipe-item=\"photoswipe-f8a119f6\" class=\"vce-image-masonry-gallery-item\" data-pswp-uid=\"6\"><img decoding=\"async\" class=\"vce-image-masonry-gallery-img\" src=\"https:\/\/calvarymaranatha.com\/wp-content\/uploads\/2023\/03\/IMG_4275-scaled.jpg\" alt=\"\"><\/a><a href=\"https:\/\/calvarymaranatha.com\/wp-content\/uploads\/2023\/03\/IMG_4274.jpg\" data-photoswipe-image=\"f8a119f6\" data-photoswipe-index=\"6\" data-photoswipe-item=\"photoswipe-f8a119f6\" class=\"vce-image-masonry-gallery-item\" data-pswp-uid=\"7\"><img decoding=\"async\" class=\"vce-image-masonry-gallery-img\" src=\"https:\/\/calvarymaranatha.com\/wp-content\/uploads\/2023\/03\/IMG_4274.jpg\" alt=\"\"><\/a><\/div><\/div><\/div><\/div><\/div><\/div><\/div><div class=\"vce-col vce-element--has-background vce-col--md-33-34p vce-col--xs-1 vce-col--xs-last vce-col--xs-first vce-col--sm-last vce-col--sm-first vce-col--md-last vce-col--lg-last vce-col--xl-last\" id=\"el-48165d08\"><div class=\"vce-col-inner\" data-vce-do-apply=\"border margin background  el-48165d08\"><div class=\"vce-content-background-container\"><\/div><div class=\"vce-col-content\" data-vce-element-content=\"true\" data-vce-do-apply=\"padding el-48165d08\"><div class=\"vce-google-fonts-heading vce-google-fonts-heading--align-center vce-google-fonts-heading--gradient-empty--94--5C00FF--FF7200 vce-google-fonts-heading--font-family-Lato\"><div id=\"el-e0bd4993\" class=\"vce-google-fonts-heading-wrapper\"><div class=\"vce-google-fonts-heading--background vce\" data-vce-do-apply=\"border background  padding margin el-e0bd4993\"><h1 class=\"vce-google-fonts-heading-inner\" style=\"font-weight: 400; font-style: normal;\">VISIT US<\/h1><\/div><\/div><\/div><div class=\"vce vce-separator-container vce-separator--align-center vce-separator--style-shadow\" id=\"el-de4fb280\" data-vce-do-apply=\"margin el-de4fb280\"><div class=\"vce-separator vce-separator--color-bfc0c1 vce-separator--width-74 vce-separator--thickness-1\" data-vce-do-apply=\"border padding background  el-de4fb280\"><div class=\"vce-separator-shadow vce-separator-shadow-left\"><\/div><div class=\"vce-separator-shadow vce-separator-shadow-right\"><\/div><\/div><\/div><div class=\"vce-text-block\"><div class=\"vce-text-block-wrapper vce\" id=\"el-57d60ead\" data-vce-do-apply=\"all el-57d60ead\"><h2 style=\"text-align: center;\"><span style=\"font-size: 16pt;\">General Service<br><span style=\"color: #808080; font-size: 14pt;\">Domingos 10:00 am Biling\u00fce<br>Domingos 12:00 pm Espa\u00f1ol<\/span><\/span><\/h2>\n<h2 style=\"text-align: center;\"><span style=\"font-size: 16pt;\">Groups of Men and Women<br><span style=\"font-size: 14pt; color: #808080;\">Thursday 7:00 pm<\/span><\/span><\/h2>\n<h2 style=\"text-align: center;\"><span style=\"font-size: 16pt;\">Teens Group 12-17 years<br><\/span><span style=\"font-size: 14pt; color: #808080;\">S\u00e1bados 4:00 pm<\/span><\/h2>\n<h2 style=\"text-align: center;\"><span style=\"font-size: 16pt;\">Young Adults Group 18 years or more<br><span style=\"color: #808080; font-size: 14pt;\">Saturday 6:00 pm<\/span><\/span><\/h2><\/div><\/div><div class=\"vce-button--style-basic-container vce-button--style-basic-container--align-center\"><span class=\"vce-button--style-basic-wrapper vce\" id=\"el-5257e422\" data-vce-do-apply=\"margin el-5257e422\"><a class=\"vce-button vce-button--style-basic vce-button--style-basic--border-rounded vce-button--style-basic--size-medium vce-button--style-basic--color-b-193-26-74--fff\" href=\"https:\/\/calvarymaranatha.com\/visitanos\/\" title=\"\" data-vce-do-apply=\"padding border background  el-5257e422\">More Info<\/a><\/span><\/div><\/div><\/div><\/div><\/div><\/div><\/div><\/div><\/div><\/div><\/div><\/div><\/div><\/div><\/div><\/div><\/div><\/div><\/div><div class=\"vce-row-container\" data-vce-boxed-width=\"true\"><div class=\"vce-row vce-row--col-gap-30 vce-row-equal-height vce-row-content--top\" id=\"el-e4fb35ad\" data-vce-do-apply=\"all el-e4fb35ad\"><div class=\"vce-row-content\" data-vce-element-content=\"true\"><div class=\"vce-col vce-col--md-auto vce-col--xs-1 vce-col--xs-last vce-col--xs-first vce-col--sm-last vce-col--sm-first vce-col--md-last vce-col--lg-last vce-col--xl-last vce-col--md-first vce-col--lg-first vce-col--xl-first\" id=\"el-676ac1b8\"><div class=\"vce-col-inner\" data-vce-do-apply=\"border margin background  el-676ac1b8\"><div class=\"vce-col-content\" data-vce-element-content=\"true\" data-vce-do-apply=\"padding el-676ac1b8\"><div class=\"vce-text-block\"><div class=\"vce-text-block-wrapper vce\" id=\"el-e188ef0c\" data-vce-do-apply=\"all el-e188ef0c\"><h2 style=\"text-align: center;\">Ver el Sitio Completo\/See Full Site<\/h2><\/div><\/div><div class=\"vce-button--style-basic-container vce-button--style-basic-container--align-center\"><span class=\"vce-button--style-basic-wrapper vce\" id=\"el-7e0d11c9\" data-vce-do-apply=\"margin el-7e0d11c9\"><a class=\"vce-button vce-button--style-basic vce-button--style-basic--border-round vce-button--style-basic--size-large vce-button--style-basic--color-b-145-30-55--fff\" href=\"https:\/\/calvarymaranatha.com\" title=\"\" data-vce-do-apply=\"padding border background  el-7e0d11c9\">Calvary Maranatha<\/a><\/span><\/div><\/div><\/div><\/div><\/div><\/div><\/div>","protected":false},"excerpt":{"rendered":"<p>ENGLISH&nbsp; &nbsp; &nbsp; &nbsp; &nbsp; ESPA\u00d1OLSOMOS UNA IGLESIA CRISTIANA BILING\u00dcEDonde Estudiamos la Biblia Verso a VersoVIS\u00cdTANOSReuni\u00f3n para FamiliasDomingos 10:00 am Biling\u00fceDomingos 12:00 pm Espa\u00f1ol Grupos de Hombres y MujeresJueves 7:00 pm Grupo de J\u00f3venes de 12-17 a\u00f1osS\u00e1bados 4:00 pm Grupo de J\u00f3venes Adultos 18 y m\u00e1sS\u00e1bados 6:00 pmM\u00e1s Informaci\u00f3nVer el Sitio Completo\/See Full SiteCalvary Maranatha<\/p>","protected":false},"author":1,"featured_media":0,"parent":0,"menu_order":0,"comment_status":"closed","ping_status":"closed","template":"template-page-builder.php","meta":{"_acf_changed":false,"footnotes":""},"class_list":["post-1917","page","type-page","status-publish","hentry"],"acf":[],"_links":{"self":[{"href":"https:\/\/calvarymaranatha.com\/en\/wp-json\/wp\/v2\/pages\/1917","targetHints":{"allow":["GET"]}}],"collection":[{"href":"https:\/\/calvarymaranatha.com\/en\/wp-json\/wp\/v2\/pages"}],"about":[{"href":"https:\/\/calvarymaranatha.com\/en\/wp-json\/wp\/v2\/types\/page"}],"author":[{"embeddable":true,"href":"https:\/\/calvarymaranatha.com\/en\/wp-json\/wp\/v2\/users\/1"}],"replies":[{"embeddable":true,"href":"https:\/\/calvarymaranatha.com\/en\/wp-json\/wp\/v2\/comments?post=1917"}],"version-history":[{"count":11,"href":"https:\/\/calvarymaranatha.com\/en\/wp-json\/wp\/v2\/pages\/1917\/revisions"}],"predecessor-version":[{"id":2288,"href":"https:\/\/calvarymaranatha.com\/en\/wp-json\/wp\/v2\/pages\/1917\/revisions\/2288"}],"wp:attachment":[{"href":"https:\/\/calvarymaranatha.com\/en\/wp-json\/wp\/v2\/media?parent=1917"}],"curies":[{"name":"wp","href":"https:\/\/api.w.org\/{rel}","templated":true}]}}