{"id":2202,"date":"2025-02-20T14:20:26","date_gmt":"2025-02-20T20:20:26","guid":{"rendered":"https:\/\/calvarymaranatha.com\/?page_id=2202"},"modified":"2025-02-22T13:57:26","modified_gmt":"2025-02-22T19:57:26","slug":"sammy","status":"publish","type":"page","link":"https:\/\/calvarymaranatha.com\/en\/que-creemos\/sammy\/","title":{"rendered":"Te vamos a extra\u00f1ar!"},"content":{"rendered":"<div class=\"vce-row-container\" data-vce-boxed-width=\"true\"><div class=\"vce-row vce-row--col-gap-30 vce-row-equal-height vce-row-content--top\" id=\"el-96842f8d\" data-vce-do-apply=\"all el-96842f8d\"><div class=\"vce-content-background-container\"><\/div><div class=\"vce-row-content\" data-vce-element-content=\"true\"><div class=\"vce-col vce-col--md-auto vce-col--xs-1 vce-col--xs-last vce-col--xs-first vce-col--sm-last vce-col--sm-first vce-col--md-last vce-col--lg-last vce-col--xl-last vce-col--md-first vce-col--lg-first vce-col--xl-first\" id=\"el-428ccb87\"><div class=\"vce-col-inner\" data-vce-do-apply=\"border margin background  el-428ccb87\"><div class=\"vce-col-content\" data-vce-element-content=\"true\" data-vce-do-apply=\"padding el-428ccb87\"><div><\/div><\/div><\/div><\/div><\/div><\/div><\/div><div class=\"vce-row-container\" data-vce-boxed-width=\"true\"><div class=\"vce-row vce-row--col-gap-30 vce-row-equal-height vce-row-content--top\" id=\"el-a8804d41\" data-vce-do-apply=\"all el-a8804d41\"><div class=\"vce-row-content\" data-vce-element-content=\"true\"><div class=\"vce-col vce-col--md-auto vce-col--xs-1 vce-col--xs-last vce-col--xs-first vce-col--sm-last vce-col--sm-first vce-col--md-last vce-col--lg-last vce-col--xl-last vce-col--md-first vce-col--lg-first vce-col--xl-first\" id=\"el-5edaa9fd\"><div class=\"vce-col-inner\" data-vce-do-apply=\"border margin background  el-5edaa9fd\"><div class=\"vce-col-content\" data-vce-element-content=\"true\" data-vce-do-apply=\"padding el-5edaa9fd\"><div class=\"vce vce-separator-with-title-container vce-separator-with-title--align-center\" id=\"el-ec297c7d\" data-vce-do-apply=\"margin el-ec297c7d\"><div class=\"vce-separator-with-title vce-separator-with-title--color-bfc0c1 vce-separator-with-title--width-60\" data-vce-do-apply=\"border padding background  el-ec297c7d\"><div class=\"vce-separator-with-title--line vce-separator-with-title--line--style-solid vce-separator-with-title-line--thickness-2 vce-separator-with-title--line-left\"><\/div><h3 class=\"vce-separator-with-title--title vce-separator-with-title--title--color-b-214-69-110\">TE AMAMOS SAMMY<\/h3><div class=\"vce-separator-with-title--line vce-separator-with-title--line--style-solid vce-separator-with-title-line--thickness-2 vce-separator-with-title--line-right\"><\/div><\/div><\/div><div class=\"vce-text-block\"><div class=\"vce-text-block-wrapper vce\" id=\"el-9b22b824\" data-vce-do-apply=\"all el-9b22b824\"><div id=\"dropdown-52ae5\" class=\"bcv d-container go2888862000\" role=\"button\" aria-expanded=\"false\" aria-haspopup=\"listbox\" aria-labelledby=\"dropdown-52ae5\">\n<div class=\"dropdown-display\">\n<div class=\"dropdown-display-text\" style=\"text-align: center;\"><span style=\"font-size: 18pt;\"><sup class=\"versenum\">10 <\/sup>No tengas miedo, porque yo estoy contigo;<span class=\"indent-1-breaks\">&nbsp; &nbsp;&nbsp;<\/span><span class=\"text Isa-41-10\">no te desalientes, porque yo soy tu Dios.<\/span><\/span><\/div>\n<\/div>\n<\/div>\n<div class=\"passage-text\">\n<div class=\"passage-content passage-class-0\">\n<div class=\"version-NTV result-text-style-normal text-html\">\n<div class=\"poetry\">\n<p class=\"line\" style=\"text-align: center;\"><span class=\"text Isa-41-10\" style=\"font-size: 18pt;\">Te dar\u00e9 fuerzas y te ayudar\u00e9;<\/span><br><span class=\"indent-1\" style=\"font-size: 18pt;\"><span class=\"indent-1-breaks\">&nbsp;&nbsp;&nbsp;&nbsp;<\/span><span class=\"text Isa-41-10\">te sostendr\u00e9 con mi mano derecha victoriosa.<\/span><\/span><\/p>\n<p style=\"text-align: center;\"><span style=\"font-size: 18pt;\">Isa\u00edas 41:10<\/span><\/p>\n<\/div>\n<\/div>\n<\/div>\n<\/div><\/div><\/div><\/div><\/div><\/div><\/div><\/div><\/div><div class=\"vce-row-container\" data-vce-boxed-width=\"true\"><div class=\"vce-row vce-row--col-gap-30 vce-row-equal-height vce-row-content--top\" id=\"el-802dbe3e\" data-vce-do-apply=\"all el-802dbe3e\"><div class=\"vce-row-content\" data-vce-element-content=\"true\"><div class=\"vce-col vce-col--md-auto vce-col--xs-1 vce-col--xs-last vce-col--xs-first vce-col--sm-last vce-col--sm-first vce-col--md-first vce-col--lg-first vce-col--xl-first\" id=\"el-6bd8a8a3\"><div class=\"vce-col-inner\" data-vce-do-apply=\"border margin background  el-6bd8a8a3\"><div class=\"vce-col-content\" data-vce-element-content=\"true\" data-vce-do-apply=\"padding el-6bd8a8a3\"><div class=\"vce-single-image-container vce-single-image--align-left\"><div class=\"vce vce-single-image-wrapper\" id=\"el-e7989e5c\" data-vce-do-apply=\"all el-e7989e5c\"><figure><div class=\"vce-single-image-figure-inner\" style=\"width: 1160px;\"><div class=\"vce-single-image-inner vce-single-image--absolute\" style=\"width: 100%; padding-bottom: 79.7414%;\"><img loading=\"lazy\" decoding=\"async\" class=\"vce-single-image\"  width=\"1160\" height=\"925\" srcset=\"https:\/\/calvarymaranatha.com\/wp-content\/uploads\/2025\/02\/IMG_20240629_135139-1160x925.jpg 1160w, https:\/\/calvarymaranatha.com\/wp-content\/uploads\/2025\/02\/IMG_20240629_135139-320x240.jpg 320w, https:\/\/calvarymaranatha.com\/wp-content\/uploads\/2025\/02\/IMG_20240629_135139-480x360.jpg 480w, https:\/\/calvarymaranatha.com\/wp-content\/uploads\/2025\/02\/IMG_20240629_135139-800x600.jpg 800w\" src=\"https:\/\/calvarymaranatha.com\/wp-content\/uploads\/2025\/02\/IMG_20240629_135139-1160x925.jpg\" data-img-src=\"https:\/\/calvarymaranatha.com\/wp-content\/uploads\/2025\/02\/IMG_20240629_135139.jpg\" data-attachment-id=\"2205\"  alt=\"\" title=\"IMG_20240629_135139\" \/><\/div><\/div><figcaption hidden=\"\"><\/figcaption><\/figure><\/div><\/div><\/div><\/div><\/div><div class=\"vce-col vce-col--md-auto vce-col--xs-1 vce-col--xs-last vce-col--xs-first vce-col--sm-last vce-col--sm-first\" id=\"el-057d0473\"><div class=\"vce-col-inner\" data-vce-do-apply=\"border margin background  el-057d0473\"><div class=\"vce-col-content\" data-vce-element-content=\"true\" data-vce-do-apply=\"padding el-057d0473\"><div class=\"vce-single-image-container vce-single-image--align-left\"><div class=\"vce vce-single-image-wrapper\" id=\"el-455b47c3\" data-vce-do-apply=\"all el-455b47c3\"><figure><div class=\"vce-single-image-figure-inner\" style=\"width: 1160px;\"><div class=\"vce-single-image-inner vce-single-image--absolute\" style=\"width: 100%; padding-bottom: 79.7414%;\"><img loading=\"lazy\" decoding=\"async\" class=\"vce-single-image\"  width=\"1160\" height=\"925\" srcset=\"https:\/\/calvarymaranatha.com\/wp-content\/uploads\/2025\/02\/IMG_20240628_165930-1160x925.jpg 1160w, https:\/\/calvarymaranatha.com\/wp-content\/uploads\/2025\/02\/IMG_20240628_165930-320x240.jpg 320w, https:\/\/calvarymaranatha.com\/wp-content\/uploads\/2025\/02\/IMG_20240628_165930-480x361.jpg 480w, https:\/\/calvarymaranatha.com\/wp-content\/uploads\/2025\/02\/IMG_20240628_165930-800x601.jpg 800w\" src=\"https:\/\/calvarymaranatha.com\/wp-content\/uploads\/2025\/02\/IMG_20240628_165930-1160x925.jpg\" data-img-src=\"https:\/\/calvarymaranatha.com\/wp-content\/uploads\/2025\/02\/IMG_20240628_165930.jpg\" data-attachment-id=\"2206\"  alt=\"\" title=\"IMG_20240628_165930\" \/><\/div><\/div><figcaption hidden=\"\"><\/figcaption><\/figure><\/div><\/div><\/div><\/div><\/div><div class=\"vce-col vce-col--md-auto vce-col--xs-1 vce-col--xs-last vce-col--xs-first vce-col--sm-last vce-col--sm-first vce-col--md-last vce-col--lg-last vce-col--xl-last\" id=\"el-db8c20be\"><div class=\"vce-col-inner\" data-vce-do-apply=\"border margin background  el-db8c20be\"><div class=\"vce-col-content\" data-vce-element-content=\"true\" data-vce-do-apply=\"padding el-db8c20be\"><div class=\"vce-single-image-container vce-single-image--align-left\"><div class=\"vce vce-single-image-wrapper\" id=\"el-2baab24f\" data-vce-do-apply=\"all el-2baab24f\"><figure><div class=\"vce-single-image-figure-inner\" style=\"width: 1160px;\"><div class=\"vce-single-image-inner vce-single-image--absolute\" style=\"width: 100%; padding-bottom: 79.7414%;\"><img loading=\"lazy\" decoding=\"async\" class=\"vce-single-image\"  width=\"1160\" height=\"925\" srcset=\"https:\/\/calvarymaranatha.com\/wp-content\/uploads\/2025\/02\/IMG_20240302_182505-1160x925.jpg 1160w, https:\/\/calvarymaranatha.com\/wp-content\/uploads\/2025\/02\/IMG_20240302_182505-320x240.jpg 320w, https:\/\/calvarymaranatha.com\/wp-content\/uploads\/2025\/02\/IMG_20240302_182505-480x360.jpg 480w, https:\/\/calvarymaranatha.com\/wp-content\/uploads\/2025\/02\/IMG_20240302_182505-800x600.jpg 800w\" src=\"https:\/\/calvarymaranatha.com\/wp-content\/uploads\/2025\/02\/IMG_20240302_182505-1160x925.jpg\" data-img-src=\"https:\/\/calvarymaranatha.com\/wp-content\/uploads\/2025\/02\/IMG_20240302_182505.jpg\" data-attachment-id=\"2207\"  alt=\"\" title=\"IMG_20240302_182505\" \/><\/div><\/div><figcaption hidden=\"\"><\/figcaption><\/figure><\/div><\/div><\/div><\/div><\/div><\/div><\/div><\/div><div class=\"vce-row-container\" data-vce-boxed-width=\"true\"><div class=\"vce-row vce-row--col-gap-30 vce-row-equal-height vce-row-content--top\" id=\"el-79f0f403\" data-vce-do-apply=\"all el-79f0f403\"><div class=\"vce-row-content\" data-vce-element-content=\"true\"><div class=\"vce-col vce-col--md-auto vce-col--xs-1 vce-col--xs-last vce-col--xs-first vce-col--sm-last vce-col--sm-first vce-col--md-last vce-col--lg-last vce-col--xl-last vce-col--md-first vce-col--lg-first vce-col--xl-first\" id=\"el-542d9572\"><div class=\"vce-col-inner\" data-vce-do-apply=\"border margin background  el-542d9572\"><div class=\"vce-col-content\" data-vce-element-content=\"true\" data-vce-do-apply=\"padding el-542d9572\"><div class=\"vce vce-separator-with-title-container vce-separator-with-title--align-center\" id=\"el-e59ce2e6\" data-vce-do-apply=\"margin el-e59ce2e6\"><div class=\"vce-separator-with-title vce-separator-with-title--color-bfc0c1 vce-separator-with-title--width-60\" data-vce-do-apply=\"border padding background  el-e59ce2e6\"><div class=\"vce-separator-with-title--line vce-separator-with-title--line--style-solid vce-separator-with-title-line--thickness-2 vce-separator-with-title--line-left\"><\/div><h3 class=\"vce-separator-with-title--title vce-separator-with-title--title--color-b-214-69-110\">CUAN HERMOSOS SON LOS PIES...<\/h3><div class=\"vce-separator-with-title--line vce-separator-with-title--line--style-solid vce-separator-with-title-line--thickness-2 vce-separator-with-title--line-right\"><\/div><\/div><\/div><div class=\"vce-yt-video-player vce-yt-video-player--align-center vce-yt-video-player--size-853x480\"><div class=\"vce vce-yt-video-player-wrapper\" id=\"el-5343470c\" data-vce-do-apply=\"all el-5343470c\" style=\"width: 853px;\"><div class=\"vce-yt-video-player-inner\"><iframe loading=\"lazy\" class=\"vce-yt-video-player-iframe\" src=\"https:\/\/www.youtube.com\/embed\/sT8ZhNGRbS0?autoplay=0&amp;mute=0&amp;color=red&amp;controls=1&amp;loop=0&amp;rel=0&amp;start=0&amp;cc_load_policy=0&amp;iv_load_policy=3&amp;enablejsapi=1\" width=\"640\" height=\"390\" allowfullscreen=\"\" title=\"YouTube video\"><\/iframe><\/div><\/div><\/div><\/div><\/div><\/div><\/div><\/div><\/div>","protected":false},"excerpt":{"rendered":"<p>TE AMAMOS SAMMY 10 No tengas miedo, porque yo estoy contigo;&nbsp; &nbsp;&nbsp;no te desalientes, porque yo soy tu Dios. Te dar\u00e9 fuerzas y te ayudar\u00e9;&nbsp;&nbsp;&nbsp;&nbsp;te sostendr\u00e9 con mi mano derecha victoriosa. Isa\u00edas 41:10 CUAN HERMOSOS SON LOS PIES&#8230;<\/p>","protected":false},"author":1,"featured_media":0,"parent":6,"menu_order":0,"comment_status":"closed","ping_status":"closed","template":"","meta":{"_acf_changed":false,"footnotes":""},"class_list":["post-2202","page","type-page","status-publish","hentry"],"acf":[],"_links":{"self":[{"href":"https:\/\/calvarymaranatha.com\/en\/wp-json\/wp\/v2\/pages\/2202","targetHints":{"allow":["GET"]}}],"collection":[{"href":"https:\/\/calvarymaranatha.com\/en\/wp-json\/wp\/v2\/pages"}],"about":[{"href":"https:\/\/calvarymaranatha.com\/en\/wp-json\/wp\/v2\/types\/page"}],"author":[{"embeddable":true,"href":"https:\/\/calvarymaranatha.com\/en\/wp-json\/wp\/v2\/users\/1"}],"replies":[{"embeddable":true,"href":"https:\/\/calvarymaranatha.com\/en\/wp-json\/wp\/v2\/comments?post=2202"}],"version-history":[{"count":13,"href":"https:\/\/calvarymaranatha.com\/en\/wp-json\/wp\/v2\/pages\/2202\/revisions"}],"predecessor-version":[{"id":2218,"href":"https:\/\/calvarymaranatha.com\/en\/wp-json\/wp\/v2\/pages\/2202\/revisions\/2218"}],"up":[{"embeddable":true,"href":"https:\/\/calvarymaranatha.com\/en\/wp-json\/wp\/v2\/pages\/6"}],"wp:attachment":[{"href":"https:\/\/calvarymaranatha.com\/en\/wp-json\/wp\/v2\/media?parent=2202"}],"curies":[{"name":"wp","href":"https:\/\/api.w.org\/{rel}","templated":true}]}}