{"id":299,"date":"2018-05-23T21:12:54","date_gmt":"2018-05-23T21:12:54","guid":{"rendered":"https:\/\/calvarymaranatha.com\/?page_id=299"},"modified":"2023-05-03T13:51:10","modified_gmt":"2023-05-03T19:51:10","slug":"dar","status":"publish","type":"page","link":"https:\/\/calvarymaranatha.com\/en\/dar\/","title":{"rendered":"Donations"},"content":{"rendered":"<div class=\"vce-row-container\" data-vce-boxed-width=\"true\"><div class=\"vce-row vce-row--col-gap-30 vce-row-equal-height vce-row-content--top\" id=\"el-73d9af60\" data-vce-do-apply=\"all el-73d9af60\"><div class=\"vce-row-content\" data-vce-element-content=\"true\"><div class=\"vce-col vce-col--md-auto vce-col--xs-1 vce-col--xs-last vce-col--xs-first vce-col--sm-last vce-col--sm-first vce-col--md-first vce-col--lg-first vce-col--xl-first\" id=\"el-9a7621dd\"><div class=\"vce-col-inner\" data-vce-do-apply=\"border margin background  el-9a7621dd\"><div class=\"vce-col-content\" data-vce-element-content=\"true\" data-vce-do-apply=\"padding el-9a7621dd\"><div class=\"vce-text-block\"><div class=\"vce-text-block-wrapper vce\" id=\"el-c854c92d\" data-vce-do-apply=\"all el-c854c92d\"><h1 style=\"text-align: center;\"><img loading=\"lazy\" decoding=\"async\" class=\"\" src=\"https:\/\/www.cmnetwork.org\/wp-content\/uploads\/2015\/07\/logo.jpg\" alt=\"Commission Ministers Network\" width=\"209\" height=\"53\"><\/h1><h3 style=\"text-align: center;\">Donations made through the Commission Ministers Network site will receive a US 501(c)(3) tax receipt.<\/h3><h3 style=\"text-align: center;\">All foreigners will not receive a tax receipt but can still give.<\/h3><h4 style=\"text-align: center;\"><em>* This button will take you to a secure external link through the \"Commission Ministers Network\"<\/em><\/h4><\/div><\/div><div class=\"vce-button--style-basic-container vce-button--style-basic-container--align-center\"><span class=\"vce-button--style-basic-wrapper vce\" id=\"el-7c87a5e4\" data-vce-do-apply=\"margin el-7c87a5e4\"><a class=\"vce-button vce-button--style-basic vce-button--style-basic--border-square vce-button--style-basic--size-medium vce-button--style-basic--color-557cbf--fff\" href=\"https:\/\/cmnetwork.denarionline.com\/Donate\/?missionary=CarrJuan\" title=\"\" target=\"_blank\" data-vce-do-apply=\"padding border background  el-7c87a5e4\" rel=\"noopener\">Give<\/a><\/span><\/div><\/div><\/div><\/div><div class=\"vce-col vce-col--md-auto vce-col--xs-1 vce-col--xs-last vce-col--xs-first vce-col--sm-last vce-col--sm-first vce-col--md-last vce-col--lg-last vce-col--xl-last\" id=\"el-15662b13\"><div class=\"vce-col-inner\" data-vce-do-apply=\"border margin background  el-15662b13\"><div class=\"vce-col-content\" data-vce-element-content=\"true\" data-vce-do-apply=\"padding el-15662b13\"><div class=\"vce-text-block\"><div class=\"vce-text-block-wrapper vce\" id=\"el-253832b2\" data-vce-do-apply=\"all el-253832b2\"><h1 style=\"text-align: center;\"><img loading=\"lazy\" decoding=\"async\" class=\"\" src=\"https:\/\/i2.wp.com\/www.quenotelacuenten.org\/wp-content\/uploads\/2020\/10\/paypal-logo.png?ssl=1\" alt=\"paypal-logo\" width=\"154\" height=\"60\"><\/h1><h3 style=\"text-align: center;\"><strong>To make a donation using Paypal<br>Please use the account:<\/strong><\/h3><h3 style=\"text-align: center;\"><strong>tcarranza2000@gmail.com<\/strong><\/h3><p>&nbsp;<\/p><h4 style=\"text-align: center;\"><em>* This button will take you to a <strong>secure external link<\/strong> through PayPal<\/em><\/h4><\/div><\/div><div class=\"vce-button--style-basic-container vce-button--style-basic-container--align-center\"><span class=\"vce-button--style-basic-wrapper vce\" id=\"el-0b675b0e\" data-vce-do-apply=\"margin el-0b675b0e\"><a class=\"vce-button vce-button--style-basic vce-button--style-basic--border-square vce-button--style-basic--size-medium vce-button--style-basic--color-557cbf--fff\" href=\"https:\/\/www.paypal.com\/es\/signin\" title=\"\" data-vce-do-apply=\"padding border background  el-0b675b0e\" target=\"_blank\" rel=\"noopener\">Give<\/a><\/span><\/div><\/div><\/div><\/div><\/div><\/div><\/div><div class=\"vce-row-container\" data-vce-boxed-width=\"true\"><div class=\"vce-row vce-row--col-gap-30 vce-row-equal-height vce-row-content--top\" id=\"el-4a8ba547\" data-vce-do-apply=\"all el-4a8ba547\"><div class=\"vce-row-content\" data-vce-element-content=\"true\"><div class=\"vce-col vce-col--md-auto vce-col--xs-1 vce-col--xs-last vce-col--xs-first vce-col--sm-last vce-col--sm-first vce-col--md-last vce-col--lg-last vce-col--xl-last vce-col--md-first vce-col--lg-first vce-col--xl-first\" id=\"el-956224ed\"><div class=\"vce-col-inner\" data-vce-do-apply=\"border margin background  el-956224ed\"><div class=\"vce-col-content\" data-vce-element-content=\"true\" data-vce-do-apply=\"padding el-956224ed\"><div class=\"vce-text-block\"><div class=\"vce-text-block-wrapper vce\" id=\"el-224959d8\" data-vce-do-apply=\"all el-224959d8\"><h1 style=\"text-align: center;\"><img loading=\"lazy\" decoding=\"async\" class=\"\" src=\"https:\/\/cdn0.iconfinder.com\/data\/icons\/major-credit-cards-colored\/48\/JD-15-512.png\" alt=\"Card, credit card, debit card, master card icon - Free download\" width=\"104\" height=\"104\" data-wp-editing=\"1\"><\/h1><h1 style=\"text-align: center;\">WIRE TRANSFER OR DEPOSIT<\/h1><h3 style=\"text-align: center;\">Bank: HSBC<br>CLABE: 02-1744-0649-6650-9997<br>Card: 4213-1661-4737-1821<\/h3><h3 style=\"text-align: center;\">&nbsp;<\/h3><\/div><\/div><\/div><\/div><\/div><\/div><\/div><\/div>","protected":false},"excerpt":{"rendered":"<p>Las donaciones hechas a trav\u00e9s del sitio &#8220;Commission Ministers Network&#8221; recibir\u00e1n un comprobante fiscal 501(c)(3)&nbsp;de los EE.U.U.Todos los extranjeros no recibir\u00e1n un comprobante fiscal pero a\u00fan as\u00ed pueden dar.* Este bot\u00f3n te llevar\u00e1 a un enlace externo seguro a trav\u00e9s de &#8220;Commission Ministers Network&#8221;DARPara hacer una donaci\u00f3n utilizando PaypalPor favor utilice la cuenta:tcarranza2000@gmail.com&nbsp;* Este bot\u00f3n&#8230;<\/p>","protected":false},"author":1,"featured_media":0,"parent":0,"menu_order":0,"comment_status":"closed","ping_status":"closed","template":"","meta":{"_acf_changed":false,"footnotes":""},"class_list":["post-299","page","type-page","status-publish","hentry"],"acf":[],"_links":{"self":[{"href":"https:\/\/calvarymaranatha.com\/en\/wp-json\/wp\/v2\/pages\/299","targetHints":{"allow":["GET"]}}],"collection":[{"href":"https:\/\/calvarymaranatha.com\/en\/wp-json\/wp\/v2\/pages"}],"about":[{"href":"https:\/\/calvarymaranatha.com\/en\/wp-json\/wp\/v2\/types\/page"}],"author":[{"embeddable":true,"href":"https:\/\/calvarymaranatha.com\/en\/wp-json\/wp\/v2\/users\/1"}],"replies":[{"embeddable":true,"href":"https:\/\/calvarymaranatha.com\/en\/wp-json\/wp\/v2\/comments?post=299"}],"version-history":[{"count":8,"href":"https:\/\/calvarymaranatha.com\/en\/wp-json\/wp\/v2\/pages\/299\/revisions"}],"predecessor-version":[{"id":1866,"href":"https:\/\/calvarymaranatha.com\/en\/wp-json\/wp\/v2\/pages\/299\/revisions\/1866"}],"wp:attachment":[{"href":"https:\/\/calvarymaranatha.com\/en\/wp-json\/wp\/v2\/media?parent=299"}],"curies":[{"name":"wp","href":"https:\/\/api.w.org\/{rel}","templated":true}]}}