{"id":30,"date":"2018-03-18T02:39:20","date_gmt":"2018-03-18T02:39:20","guid":{"rendered":"https:\/\/calvarymaranatha.com\/?page_id=30"},"modified":"2023-09-16T11:47:03","modified_gmt":"2023-09-16T17:47:03","slug":"jovenes","status":"publish","type":"page","link":"https:\/\/calvarymaranatha.com\/en\/jovenes\/","title":{"rendered":"Youth"},"content":{"rendered":"<div class=\"vce-row-container\" data-vce-boxed-width=\"true\"><div class=\"vce-row vce-row--col-gap-30 vce-row-equal-height vce-row-content--top\" id=\"el-b7a5370e\" data-vce-do-apply=\"all el-b7a5370e\"><div class=\"vce-row-content\" data-vce-element-content=\"true\"><div class=\"vce-col vce-col--md-66-66p vce-col--xs-1 vce-col--xs-last vce-col--xs-first vce-col--sm-last vce-col--sm-first vce-col--md-first vce-col--lg-first vce-col--xl-first\" id=\"el-57d9fb97\"><div class=\"vce-col-inner\" data-vce-do-apply=\"border margin background  el-57d9fb97\"><div class=\"vce-col-content\" data-vce-element-content=\"true\" data-vce-do-apply=\"padding el-57d9fb97\"><div class=\"vce-text-block\"><div class=\"vce-text-block-wrapper vce\" id=\"el-0071a6de\" data-vce-do-apply=\"all el-0071a6de\"><p>The vision of our youth group is that they themselves can reach the youth of our community.<\/p><p>Currently our youth group is designed to live, play and study the word of God together.<\/p><p>We love the extra activities like camping, music, dramas, lunadas, soccer, going to the beach, all in fellowship and Agape love.<\/p><p><strong>If you are between 12 and 17 years old, we are waiting for you every Friday at 6:00 p.m.<\/strong><br><strong>If you are over 18 years old, we are waiting for you every Saturday at 6:00 p.m.<\/strong><\/p><p>If you are young but you are already <strong>married or have children<\/strong> join us at our men's or women's meetings on Thursdays at 7:00 p.m.<\/p><p>&nbsp;<\/p><\/div><\/div><\/div><\/div><\/div><div class=\"vce-col vce-col--md-33-34p vce-col--xs-1 vce-col--xs-last vce-col--xs-first vce-col--sm-last vce-col--sm-first vce-col--md-last vce-col--lg-last vce-col--xl-last\" id=\"el-ffd58dc5\"><div class=\"vce-col-inner\" data-vce-do-apply=\"border margin background  el-ffd58dc5\"><div class=\"vce-col-content\" data-vce-element-content=\"true\" data-vce-do-apply=\"padding el-ffd58dc5\"><div class=\"vce-raw-html\"><div class=\"vce-raw-html-wrapper\" id=\"el-280ac238\" data-vce-do-apply=\"all el-280ac238\"><video autoplay=\"\" src=\"https:\/\/calvarymaranatha.com\/wp-content\/uploads\/2023\/09\/WhatsApp-Video-2023-09-16-at-10.11.38-AM-1.mp4\">\n  Tu navegador no admite el elemento <code>video<\/code>.\n<\/video><\/div><\/div><\/div><\/div><\/div><\/div><\/div><\/div>","protected":false},"excerpt":{"rendered":"<p>La visi\u00f3n de nuestro grupo de j\u00f3venes es que ellos mismos puedan alcanzar a los j\u00f3venes de nuestra comunidad.Actualmente nuestro grupo de j\u00f3venes est\u00e1 dise\u00f1ado para convivir, jugar y estudiar la palabra de Dios juntos.Nos encantan las actividades extras como campamentos, m\u00fasica, dramas, lunadas, f\u00fatbol, salidas a la playa, todo en compa\u00f1erismo y en amor&#8230;<\/p>","protected":false},"author":1,"featured_media":0,"parent":0,"menu_order":0,"comment_status":"closed","ping_status":"closed","template":"","meta":{"_acf_changed":false,"footnotes":""},"class_list":["post-30","page","type-page","status-publish","hentry"],"acf":[],"_links":{"self":[{"href":"https:\/\/calvarymaranatha.com\/en\/wp-json\/wp\/v2\/pages\/30","targetHints":{"allow":["GET"]}}],"collection":[{"href":"https:\/\/calvarymaranatha.com\/en\/wp-json\/wp\/v2\/pages"}],"about":[{"href":"https:\/\/calvarymaranatha.com\/en\/wp-json\/wp\/v2\/types\/page"}],"author":[{"embeddable":true,"href":"https:\/\/calvarymaranatha.com\/en\/wp-json\/wp\/v2\/users\/1"}],"replies":[{"embeddable":true,"href":"https:\/\/calvarymaranatha.com\/en\/wp-json\/wp\/v2\/comments?post=30"}],"version-history":[{"count":16,"href":"https:\/\/calvarymaranatha.com\/en\/wp-json\/wp\/v2\/pages\/30\/revisions"}],"predecessor-version":[{"id":2036,"href":"https:\/\/calvarymaranatha.com\/en\/wp-json\/wp\/v2\/pages\/30\/revisions\/2036"}],"wp:attachment":[{"href":"https:\/\/calvarymaranatha.com\/en\/wp-json\/wp\/v2\/media?parent=30"}],"curies":[{"name":"wp","href":"https:\/\/api.w.org\/{rel}","templated":true}]}}