{"id":32,"date":"2018-03-18T02:39:35","date_gmt":"2018-03-18T02:39:35","guid":{"rendered":"https:\/\/calvarymaranatha.com\/?page_id=32"},"modified":"2025-10-16T14:36:02","modified_gmt":"2025-10-16T20:36:02","slug":"oracion","status":"publish","type":"page","link":"https:\/\/calvarymaranatha.com\/en\/oracion\/","title":{"rendered":"Prayer"},"content":{"rendered":"<div class=\"vce-row-container\" data-vce-boxed-width=\"true\"><div class=\"vce-row vce-row--col-gap-30 vce-row-equal-height vce-row-content--top\" id=\"el-13969d60\" data-vce-do-apply=\"all el-13969d60\"><div class=\"vce-row-content\" data-vce-element-content=\"true\"><div class=\"vce-col vce-col--md-auto vce-col--xs-1 vce-col--xs-last vce-col--xs-first vce-col--sm-last vce-col--sm-first vce-col--md-last vce-col--lg-last vce-col--xl-last vce-col--md-first vce-col--lg-first vce-col--xl-first\" id=\"el-7de97e84\"><div class=\"vce-col-inner\" data-vce-do-apply=\"border margin background  el-7de97e84\"><div class=\"vce-col-content\" data-vce-element-content=\"true\" data-vce-do-apply=\"padding el-7de97e84\"><div class=\"vce-text-block\"><div class=\"vce-text-block-wrapper vce\" id=\"el-a54d4931\" data-vce-do-apply=\"all el-a54d4931\"><p>We believe that prayer is the key to the heart of God and that a church that does not pray is spiritually stagnant.<\/p>\n<p>Nuestras reuniones de oraci\u00f3n son cada Domingo de 9:00 am a 10:00 am en nuestras instalaciones.<\/p><\/div><\/div><\/div><\/div><\/div><\/div><\/div><\/div>","protected":false},"excerpt":{"rendered":"<p>Creemos que la oraci\u00f3n es la llave del coraz\u00f3n de Dios y que una iglesia que no ora est\u00e1 espiritualmente estancada. Nuestras reuniones de oraci\u00f3n son cada Domingo de 9:00 am a 10:00 am en nuestras instalaciones.<\/p>","protected":false},"author":1,"featured_media":0,"parent":0,"menu_order":0,"comment_status":"closed","ping_status":"closed","template":"","meta":{"_acf_changed":false,"footnotes":""},"class_list":["post-32","page","type-page","status-publish","hentry"],"acf":[],"_links":{"self":[{"href":"https:\/\/calvarymaranatha.com\/en\/wp-json\/wp\/v2\/pages\/32","targetHints":{"allow":["GET"]}}],"collection":[{"href":"https:\/\/calvarymaranatha.com\/en\/wp-json\/wp\/v2\/pages"}],"about":[{"href":"https:\/\/calvarymaranatha.com\/en\/wp-json\/wp\/v2\/types\/page"}],"author":[{"embeddable":true,"href":"https:\/\/calvarymaranatha.com\/en\/wp-json\/wp\/v2\/users\/1"}],"replies":[{"embeddable":true,"href":"https:\/\/calvarymaranatha.com\/en\/wp-json\/wp\/v2\/comments?post=32"}],"version-history":[{"count":6,"href":"https:\/\/calvarymaranatha.com\/en\/wp-json\/wp\/v2\/pages\/32\/revisions"}],"predecessor-version":[{"id":2286,"href":"https:\/\/calvarymaranatha.com\/en\/wp-json\/wp\/v2\/pages\/32\/revisions\/2286"}],"wp:attachment":[{"href":"https:\/\/calvarymaranatha.com\/en\/wp-json\/wp\/v2\/media?parent=32"}],"curies":[{"name":"wp","href":"https:\/\/api.w.org\/{rel}","templated":true}]}}