{"id":38,"date":"2018-03-18T02:41:05","date_gmt":"2018-03-18T02:41:05","guid":{"rendered":"https:\/\/calvarymaranatha.com\/?page_id=38"},"modified":"2025-12-17T14:03:25","modified_gmt":"2025-12-17T20:03:25","slug":"visitanos","status":"publish","type":"page","link":"https:\/\/calvarymaranatha.com\/en\/visitanos\/","title":{"rendered":"Visit Us"},"content":{"rendered":"<div class=\"vce-row-container\" data-vce-boxed-width=\"true\"><div class=\"vce-row vce-row--col-gap-30 vce-row-equal-height vce-row-content--top\" id=\"el-57557c85\" data-vce-do-apply=\"all el-57557c85\"><div class=\"vce-content-background-container\"><\/div><div class=\"vce-row-content\" data-vce-element-content=\"true\"><div class=\"vce-col vce-col--md-38p vce-col--xs-1 vce-col--xs-last vce-col--xs-first vce-col--sm-last vce-col--sm-first vce-col--md-first vce-col--lg-first vce-col--xl-first\" id=\"el-1280ce6c\"><div class=\"vce-col-inner\" data-vce-do-apply=\"border margin background  el-1280ce6c\"><div class=\"vce-col-content\" data-vce-element-content=\"true\" data-vce-do-apply=\"padding el-1280ce6c\"><div class=\"vce-google-fonts-heading vce-google-fonts-heading--align-center vce-google-fonts-heading--gradient-empty--45--5C00FF--FF7200 vce-google-fonts-heading--font-family-Lato\"><div id=\"el-2eb04842\" class=\"vce-google-fonts-heading-wrapper\"><div class=\"vce-google-fonts-heading--background vce\" data-vce-do-apply=\"border background  padding margin el-2eb04842\"><h1 class=\"vce-google-fonts-heading-inner\" style=\"font-weight: 400; font-style: normal;\">VISIT US<\/h1><\/div><\/div><\/div><div class=\"vce vce-separator-container vce-separator--align-center vce-separator--style-shadow\" id=\"el-27c171e5\" data-vce-do-apply=\"margin el-27c171e5\"><div class=\"vce-separator vce-separator--color-bfc0c1 vce-separator--width-60 vce-separator--thickness-1\" data-vce-do-apply=\"border padding background  el-27c171e5\"><div class=\"vce-separator-shadow vce-separator-shadow-left\"><\/div><div class=\"vce-separator-shadow vce-separator-shadow-right\"><\/div><\/div><\/div><div class=\"vce-text-block\"><div class=\"vce-text-block-wrapper vce\" id=\"el-f8957dd5\" data-vce-do-apply=\"all el-f8957dd5\"><h2 style=\"text-align: center; line-height: 1;\"><span style=\"font-size: 16pt;\">General Service<br><span style=\"color: #808080; font-size: 14pt;\">Sunday 10:00 am <span style=\"font-size: 10pt;\">(Bilingual)<br><\/span><\/span><\/span><span style=\"font-size: 16pt;\"><span style=\"color: #808080; font-size: 14pt;\">Sunday 12:00 pm <span style=\"font-size: 10pt;\">Spanish<\/span><\/span><\/span><\/h2>\n<h2 style=\"text-align: center; line-height: 1;\"><span style=\"font-size: 16pt;\"><span style=\"color: #808080; font-size: 14pt;\">Wednesday 6:30 pm (Spanish)<\/span><\/span><\/h2>\n<h2 style=\"text-align: center; line-height: 1;\"><span style=\"font-size: 16pt;\">Groups of Men and Women<br><span style=\"font-size: 14pt; color: #808080;\">Thursday 7:00 pm<\/span><\/span><\/h2>\n<h2 style=\"text-align: center; line-height: 1;\"><span style=\"font-size: 16pt;\">Teenagers 12-17<br><\/span><span style=\"font-size: 14pt; color: #808080;\">S\u00e1bados 4:00 pm<\/span><\/h2>\n<h2 style=\"text-align: center; line-height: 1;\"><span style=\"font-size: 16pt;\">Young Adults Group<br><span style=\"color: #808080; font-size: 14pt;\">Saturday 6:00 pm<\/span><\/span><\/h2><\/div><\/div><\/div><\/div><\/div><div class=\"vce-col vce-col--md-62p vce-col--xs-1 vce-col--xs-last vce-col--xs-first vce-col--sm-last vce-col--sm-first vce-col--md-last vce-col--lg-last vce-col--xl-last\" id=\"el-c33ed66c\"><div class=\"vce-col-inner\" data-vce-do-apply=\"border margin background  el-c33ed66c\"><div class=\"vce-col-content\" data-vce-element-content=\"true\" data-vce-do-apply=\"padding el-c33ed66c\"><div class=\"vce-google-fonts-heading vce-google-fonts-heading--align-center vce-google-fonts-heading--color-empty--45--5C00FF--FF7200 vce-google-fonts-heading--font-family-Lato\"><div id=\"el-88b2d40f\" class=\"vce-google-fonts-heading-wrapper\"><div class=\"vce-google-fonts-heading--background vce\" data-vce-do-apply=\"border background  padding margin el-88b2d40f\"><h2 class=\"vce-google-fonts-heading-inner\" style=\"font-weight: 400; font-style: normal;\">What is a normal meeting like at Calvary Maranatha?<\/h2><\/div><\/div><\/div><div class=\"vce-yt-video-player vce-yt-video-player--align-center vce-yt-video-player--size-560x315\"><div class=\"vce vce-yt-video-player-wrapper\" id=\"el-8f810774\" data-vce-do-apply=\"all el-8f810774\" style=\"width: 560px;\"><div class=\"vce-yt-video-player-inner\"><iframe loading=\"lazy\" class=\"vce-yt-video-player-iframe\" src=\"https:\/\/www.youtube.com\/embed\/f2YKQ0LSGss?autoplay=0&amp;mute=0&amp;color=red&amp;controls=1&amp;loop=0&amp;rel=0&amp;start=0&amp;cc_load_policy=0&amp;iv_load_policy=3&amp;enablejsapi=1\" width=\"640\" height=\"390\" allowfullscreen=\"\" title=\"YouTube video\"><\/iframe><\/div><\/div><\/div><\/div><\/div><\/div><\/div><\/div><\/div><div class=\"vce-row-container\" data-vce-boxed-width=\"true\"><div class=\"vce-row vce-row--col-gap-30 vce-row-equal-height vce-row-content--top\" id=\"el-5bd038af\" data-vce-do-apply=\"all el-5bd038af\"><div class=\"vce-row-content\" data-vce-element-content=\"true\"><div class=\"vce-col vce-col--md-auto vce-col--xs-1 vce-col--xs-last vce-col--xs-first vce-col--sm-last vce-col--sm-first vce-col--md-last vce-col--lg-last vce-col--xl-last vce-col--md-first vce-col--lg-first vce-col--xl-first\" id=\"el-1a015bdd\"><div class=\"vce-col-inner\" data-vce-do-apply=\"border margin background  el-1a015bdd\"><div class=\"vce-col-content\" data-vce-element-content=\"true\" data-vce-do-apply=\"padding el-1a015bdd\"><div class=\"vce vce-separator-with-icon-container vce-separator-with-icon--align-center\" id=\"el-f9dfb760\" data-vce-do-apply=\"margin el-f9dfb760\"><div class=\"vce-separator-with-icon vce-separator-with-icon--color-bfc0c1 vce-separator-with-icon--width-60\" data-vce-do-apply=\"border padding background  el-f9dfb760\"><div class=\"vce-separator-with-icon--line vce-separator-with-icon--line--style-solid vce-separator-with-icon-line--thickness-1 vce-separator-with-icon--line-left\"><\/div><div class=\"vce-separator-with-icon--icon vce-icon vce-separator-with-icon--icon--style-shape-none vce-separator-with-icon--icon--style-size-medium vce-separator-with-icon--icon--style-color-b-85-85-85 vce-separator-with-icon--icon--style-shape-color-3cb878\"><svg xmlns=\"https:\/\/www.w3.org\/2000\/svg\" viewbox=\"0 0 769 769\"><path stroke-width=\"40\" d=\"M565.755 696.27h-360l-180-311.77 180-311.77h360l180 311.77z\"><\/path><\/svg><span class=\"vce-icon-container fas fa-map-signs\"><\/span><\/div><div class=\"vce-separator-with-icon--line vce-separator-with-icon--line--style-solid vce-separator-with-icon-line--thickness-1 vce-separator-with-icon--line-right\"><\/div><\/div><\/div><\/div><\/div><\/div><\/div><\/div><\/div><div class=\"vce-row-container\" data-vce-boxed-width=\"true\"><div class=\"vce-row vce-row--col-gap-30 vce-row-equal-height vce-row-content--top\" id=\"el-bf95d935\" data-vce-do-apply=\"all el-bf95d935\"><div class=\"vce-row-content\" data-vce-element-content=\"true\"><div class=\"vce-col vce-col--md-auto vce-col--xs-1 vce-col--xs-last vce-col--xs-first vce-col--sm-last vce-col--sm-first vce-col--md-last vce-col--lg-last vce-col--xl-last vce-col--md-first vce-col--lg-first vce-col--xl-first\" id=\"el-4e612044\"><div class=\"vce-col-inner\" data-vce-do-apply=\"border margin background  el-4e612044\"><div class=\"vce-col-content\" data-vce-element-content=\"true\" data-vce-do-apply=\"padding el-4e612044\"><div class=\"vce-text-block\"><div class=\"vce-text-block-wrapper vce\" id=\"el-0a2f7c06\" data-vce-do-apply=\"all el-0a2f7c06\"><h2 style=\"text-align: center; line-height: 0.5;\">Blvd. Miguel Alem\u00e1n #817 Centro<\/h2><h4 style=\"text-align: center; line-height: 0.5;\">Mazatl\u00e1n M\u00e9x<\/h4><\/div><\/div><div class=\"vce-google-maps vce-google-maps--align-center\"><div class=\"vce-google-maps-wrapper vce vce-google-maps-proportional\" id=\"el-1b4accd0\" data-vce-do-apply=\"all el-1b4accd0\" style=\"width: 1920px; height: auto;\"><div class=\"vce-google-maps-inner\" style=\"padding-bottom: 20.8333%;\"><iframe src=\"https:\/\/www.google.com\/maps\/embed?pb=!1m18!1m12!1m3!1d1090.277194074876!2d-106.41510006698837!3d23.197895783458243!2m3!1f0!2f0!3f0!3m2!1i1024!2i768!4f13.1!3m3!1m2!1s0x869f53bfed791bb3%3A0x63e14674a48f9c9f!2sCalvary%20Maranatha!5e0!3m2!1ses-419!2smx!4v1681421122884!5m2!1ses-419!2smx\" width=\"1920\" height=\"400\" style=\"border: 0px; pointer-events: none;\" allowfullscreen=\"\" loading=\"lazy\" referrerpolicy=\"no-referrer-when-downgrade\"><\/iframe><\/div><\/div><\/div><\/div><\/div><\/div><\/div><\/div><\/div><div class=\"vce-row-container\" data-vce-boxed-width=\"true\"><div class=\"vce-row vce-row--col-gap-30 vce-row-equal-height vce-row-content--top\" id=\"el-6f530304\" data-vce-do-apply=\"all el-6f530304\"><div class=\"vce-content-background-container\"><\/div><div class=\"vce-row-content\" data-vce-element-content=\"true\"><div class=\"vce-col vce-col--md-auto vce-col--xs-1 vce-col--xs-last vce-col--xs-first vce-col--sm-last vce-col--sm-first vce-col--md-first vce-col--lg-first vce-col--xl-first\" id=\"el-748da64b\"><div class=\"vce-col-inner\" data-vce-do-apply=\"border margin background  el-748da64b\"><div class=\"vce-col-content\" data-vce-element-content=\"true\" data-vce-do-apply=\"padding el-748da64b\"><div class=\"vce-google-fonts-heading vce-google-fonts-heading--align-left vce-google-fonts-heading--color-empty--45--5C00FF--FF7200 vce-google-fonts-heading--font-family-Lato\"><div id=\"el-f042f926\" class=\"vce-google-fonts-heading-wrapper\"><div class=\"vce-google-fonts-heading--background vce\" data-vce-do-apply=\"border background  padding margin el-f042f926\"><h2 class=\"vce-google-fonts-heading-inner\" style=\"font-weight: 700; font-style: normal;\">Send us a message<\/h2><\/div><\/div><\/div><div class=\"vce-shortcode\"><div class=\"vce-shortcode-wrapper vce\" id=\"el-d670d911\" data-vce-do-apply=\"all el-d670d911\"><div class=\"wpforms-container wpforms-container-full\" id=\"wpforms-1836\"><form id=\"wpforms-form-1836\" class=\"wpforms-validate wpforms-form wpforms-ajax-form\" data-formid=\"1836\" method=\"post\" enctype=\"multipart\/form-data\" action=\"\/en\/wp-json\/wp\/v2\/pages\/38\" data-token=\"370c84d7e9301f07062e37f420a38c14\" data-token-time=\"1777698104\" data-trp-original-action=\"\/en\/wp-json\/wp\/v2\/pages\/38\"><noscript class=\"wpforms-error-noscript\">Please enable JavaScript in your browser to complete this form.<\/noscript><div class=\"wpforms-field-container\"><div id=\"wpforms-1836-field_0-container\" class=\"wpforms-field wpforms-field-name\" data-field-id=\"0\"><label class=\"wpforms-field-label\">Name <span class=\"wpforms-required-label\">*<\/span><\/label><div class=\"wpforms-field-row wpforms-field-medium\"><div class=\"wpforms-field-row-block wpforms-first wpforms-one-half\"><input type=\"text\" id=\"wpforms-1836-field_0\" class=\"wpforms-field-name-first wpforms-field-required\" name=\"wpforms[fields][0][first]\" required><label for=\"wpforms-1836-field_0\" class=\"wpforms-field-sublabel after\">First<\/label><\/div><div class=\"wpforms-field-row-block wpforms-one-half\"><input type=\"text\" id=\"wpforms-1836-field_0-last\" class=\"wpforms-field-name-last wpforms-field-required\" name=\"wpforms[fields][0][last]\" required><label for=\"wpforms-1836-field_0-last\" class=\"wpforms-field-sublabel after\">Last<\/label><\/div><\/div><\/div><div id=\"wpforms-1836-field_1-container\" class=\"wpforms-field wpforms-field-email\" data-field-id=\"1\"><label class=\"wpforms-field-label\" for=\"wpforms-1836-field_1\">Email <span class=\"wpforms-required-label\">*<\/span><\/label><input type=\"email\" id=\"wpforms-1836-field_1\" class=\"wpforms-field-medium wpforms-field-required\" name=\"wpforms[fields][1]\" spellcheck=\"false\" required><\/div><div id=\"wpforms-1836-field_2-container\" class=\"wpforms-field wpforms-field-textarea\" data-field-id=\"2\"><label class=\"wpforms-field-label\" for=\"wpforms-1836-field_2\">Comment or message<\/label><textarea id=\"wpforms-1836-field_2\" class=\"wpforms-field-medium\" name=\"wpforms[fields][2]\" ><\/textarea><\/div><\/div><!-- .wpforms-field-container --><div class=\"wpforms-submit-container\" ><input type=\"hidden\" name=\"wpforms[id]\" value=\"1836\"><input type=\"hidden\" name=\"page_title\" value=\"\"><input type=\"hidden\" name=\"page_url\" value=\"https:\/\/calvarymaranatha.com\/en\/wp-json\/wp\/v2\/pages\/38\"><input type=\"hidden\" name=\"url_referer\" value=\"\"><button type=\"submit\" name=\"wpforms[submit]\" id=\"wpforms-submit-1836\" class=\"wpforms-submit\" data-alt-text=\"Enviando...\" data-submit-text=\"Enviar\" aria-live=\"assertive\" value=\"wpforms-submit\">Send<\/button><img src=\"https:\/\/calvarymaranatha.com\/wp-content\/plugins\/wpforms-lite\/assets\/images\/submit-spin.svg\" class=\"wpforms-submit-spinner\" style=\"display: none;\" width=\"26\" height=\"26\" alt=\"Loading\"><\/div><input type=\"hidden\" name=\"trp-form-language\" value=\"en\"\/><\/form><\/div>  <!-- .wpforms-container --><\/div><\/div><\/div><\/div><\/div><div class=\"vce-col vce-col--md-auto vce-col--xs-1 vce-col--xs-last vce-col--xs-first vce-col--sm-last vce-col--sm-first vce-col--md-last vce-col--lg-last vce-col--xl-last\" id=\"el-fd05ae4e\"><div class=\"vce-col-inner\" data-vce-do-apply=\"border margin background  el-fd05ae4e\"><div class=\"vce-col-content\" data-vce-element-content=\"true\" data-vce-do-apply=\"padding el-fd05ae4e\"><div class=\"vce-google-fonts-heading vce-google-fonts-heading--align-left vce-google-fonts-heading--color-empty--45--5C00FF--FF7200 vce-google-fonts-heading--font-family-Lato\"><div id=\"el-3135e50d\" class=\"vce-google-fonts-heading-wrapper\"><div class=\"vce-google-fonts-heading--background vce\" data-vce-do-apply=\"border background  padding margin el-3135e50d\"><h2 class=\"vce-google-fonts-heading-inner\" style=\"font-weight: 700; font-style: normal;\">Contact Us<\/h2><\/div><\/div><\/div><div class=\"vce-text-block\"><div class=\"vce-text-block-wrapper vce\" id=\"el-0df1455f\" data-vce-do-apply=\"all el-0df1455f\"><p>\ud83d\udcde 664-109-1191<\/p>\n<p>\u2709 tcarranza2000@gmail.com<\/p><\/div><\/div><\/div><\/div><\/div><\/div><\/div><\/div><div class=\"vce-row-container\" data-vce-boxed-width=\"true\"><div class=\"vce-row vce-row--col-gap-30 vce-row-equal-height vce-row-content--top\" id=\"el-96259b21\" data-vce-do-apply=\"all el-96259b21\"><div class=\"vce-row-content\" data-vce-element-content=\"true\"><div class=\"vce-col vce-col--md-auto vce-col--xs-1 vce-col--xs-last vce-col--xs-first vce-col--sm-last vce-col--sm-first vce-col--md-last vce-col--lg-last vce-col--xl-last vce-col--md-first vce-col--lg-first vce-col--xl-first\" id=\"el-2259df12\"><div class=\"vce-col-inner\" data-vce-do-apply=\"border margin background  el-2259df12\"><div class=\"vce-col-content\" data-vce-element-content=\"true\" data-vce-do-apply=\"padding el-2259df12\"><div class=\"vcv-row-control-wrapper\"><\/div><\/div><\/div><\/div><\/div><\/div><\/div>","protected":false},"excerpt":{"rendered":"<p>VIS\u00cdTANOSReuni\u00f3n para FamiliasDomingo 10:00 am (Biling\u00fce)Domingo 12:00 pm (Espa\u00f1ol) Mi\u00e9rcoles 6:30 pm (Espa\u00f1ol) Grupos de Hombres y MujeresJueves 7:00 pm Grupos de Adolescentes 12-17S\u00e1bados 4:00 pm Grupos de J\u00f3venes AdultosS\u00e1bados 6:00 pm\u00bfC\u00f3mo es una reuni\u00f3n normal en Calvary Maranatha?Blvd. Miguel Alem\u00e1n #817 CentroMazatl\u00e1n M\u00e9xEnv\u00edanos un mensajeCont\u00e1ctanos\ud83d\udcde 664-109-1191 \u2709 tcarranza2000@gmail.com<\/p>","protected":false},"author":1,"featured_media":0,"parent":0,"menu_order":0,"comment_status":"closed","ping_status":"closed","template":"template-page-builder.php","meta":{"_acf_changed":false,"footnotes":""},"class_list":["post-38","page","type-page","status-publish","hentry"],"acf":[],"_links":{"self":[{"href":"https:\/\/calvarymaranatha.com\/en\/wp-json\/wp\/v2\/pages\/38","targetHints":{"allow":["GET"]}}],"collection":[{"href":"https:\/\/calvarymaranatha.com\/en\/wp-json\/wp\/v2\/pages"}],"about":[{"href":"https:\/\/calvarymaranatha.com\/en\/wp-json\/wp\/v2\/types\/page"}],"author":[{"embeddable":true,"href":"https:\/\/calvarymaranatha.com\/en\/wp-json\/wp\/v2\/users\/1"}],"replies":[{"embeddable":true,"href":"https:\/\/calvarymaranatha.com\/en\/wp-json\/wp\/v2\/comments?post=38"}],"version-history":[{"count":40,"href":"https:\/\/calvarymaranatha.com\/en\/wp-json\/wp\/v2\/pages\/38\/revisions"}],"predecessor-version":[{"id":2346,"href":"https:\/\/calvarymaranatha.com\/en\/wp-json\/wp\/v2\/pages\/38\/revisions\/2346"}],"wp:attachment":[{"href":"https:\/\/calvarymaranatha.com\/en\/wp-json\/wp\/v2\/media?parent=38"}],"curies":[{"name":"wp","href":"https:\/\/api.w.org\/{rel}","templated":true}]}}