{"id":58,"date":"2018-03-18T02:57:08","date_gmt":"2018-03-18T02:57:08","guid":{"rendered":"https:\/\/calvarymaranatha.com\/?page_id=58"},"modified":"2025-12-17T14:03:22","modified_gmt":"2025-12-17T20:03:22","slug":"inicio","status":"publish","type":"page","link":"https:\/\/calvarymaranatha.com\/en\/","title":{"rendered":""},"content":{"rendered":"<div class=\"vce-row-container\" data-vce-boxed-width=\"true\"><div class=\"vce-row vce-row--has-col-background vce-row--col-gap-30 vce-row-equal-height vce-row-content--top\" id=\"el-5510348b\" data-vce-do-apply=\"all el-5510348b\"><div class=\"vce-content-background-container\"><\/div><div class=\"vce-row-content\" data-vce-element-content=\"true\"><div class=\"vce-col vce-element--has-background vce-col--md-auto vce-col--xs-1 vce-col--xs-last vce-col--xs-first vce-col--sm-last vce-col--sm-first vce-col--md-last vce-col--lg-last vce-col--xl-last vce-col--md-first vce-col--lg-first vce-col--xl-first\" id=\"el-cdb07943\"><div class=\"vce-col-inner\" data-vce-do-apply=\"border margin background  el-cdb07943\"><div class=\"vce-content-background-container\"><div class=\"vce-asset-background-zoom-container vce-visible-all-only vce-asset-background-zoom--position-center-center\"><div class=\"vce-asset-background-zoom-container vce-visible-all-only vce-asset-background-zoom--position-center-center\"><div class=\"vce-asset-background-zoom--scale-helper\"><div class=\"vce-asset-background-zoom\" data-vce-assets-zoom=\"in\" data-vce-assets-zoom-scale=\"1.51\" data-vce-assets-zoom-duration=\"30\">\n              <div class=\"vce-asset-background-zoom-item vcv-lozad\" data-background-image=\"https:\/\/calvarymaranatha.com\/wp-content\/uploads\/2023\/03\/cristofer-maximilian-uQDRDqpYJHI-unsplash-scaled.jpg\"><\/div>\n              <noscript>\n                <div class=\"vce-asset-background-zoom-item\" style=\"background-image: url(https:\/\/calvarymaranatha.com\/wp-content\/uploads\/2023\/03\/cristofer-maximilian-uQDRDqpYJHI-unsplash-scaled.jpg)\"><\/div>\n              <\/noscript>\n            <\/div><\/div><\/div><\/div><\/div><div class=\"vce-col-content\" data-vce-element-content=\"true\" data-vce-do-apply=\"padding el-cdb07943\"><section class=\"vce-hero-section-container vce-hero-section-media--xs vce-hero-section-media--sm vce-hero-section-media--md vce-hero-section-media--lg vce-hero-section-media--xl\"><div class=\"vce vce-hero-section\" id=\"el-1f27a56e\" data-vce-do-apply=\"margin background border  el-1f27a56e\" data-vce-animate=\"vce-o-animate--fadeInUp\"><div class=\"vce-hero-section--wrap-row\"><div class=\"vce-hero-section--wrap\"><div class=\"vce-hero-section--content\" data-vce-do-apply=\"padding el-1f27a56e\"><div class=\"vce-hero-section--content-container\"><h1 style=\"color: #ffffff; line-height: 1;\"><span style=\"font-family: 'Bakbak One'; color: #800000; font-size: 24pt;\"><span style=\"color: #801349; font-size: 36pt;\">WE ARE A BILINGUAL CHRISTIAN CHURCH<\/span><br><span style=\"font-family: Arsenal; font-size: 18pt;\">Where We Study the Bible Verse by Verse<\/span><\/span><\/h1><\/div><div class=\"vce-button--style-basic-container vce-button--style-basic-container--align-center\"><span class=\"vce-button--style-basic-wrapper vce\" id=\"el-1e15f0c2\" data-vce-do-apply=\"margin el-1e15f0c2\"><a class=\"vce-button vce-button--style-basic vce-button--style-basic--border-rounded vce-button--style-basic--size-medium vce-button--style-basic--color-b-193-26-74--fff\" href=\"https:\/\/calvarymaranatha.com\/quienes-somos\/\" title=\"\" data-vce-do-apply=\"padding border background  el-1e15f0c2\">More About Us<\/a><\/span><\/div><\/div><\/div><\/div><\/div><\/section><\/div><\/div><\/div><\/div><\/div><\/div><div class=\"vce-row-container\" data-vce-boxed-width=\"true\"><div class=\"vce-row vce-row--col-gap-30 vce-row-equal-height vce-row-content--top\" id=\"el-3b0dcb62\" data-vce-do-apply=\"all el-3b0dcb62\"><div class=\"vce-content-background-container\"><\/div><div class=\"vce-row-content\" data-vce-element-content=\"true\"><div class=\"vce-col vce-col--md-auto vce-col--xs-1 vce-col--xs-last vce-col--xs-first vce-col--sm-last vce-col--sm-first vce-col--md-last vce-col--lg-last vce-col--xl-last vce-col--md-first vce-col--lg-first vce-col--xl-first\" id=\"el-f72b47b9\"><div class=\"vce-col-inner\" data-vce-do-apply=\"border margin background  el-f72b47b9\"><div class=\"vce-content-background-container\"><\/div><div class=\"vce-col-content\" data-vce-element-content=\"true\" data-vce-do-apply=\"padding el-f72b47b9\"><div class=\"vce-row-container\" data-vce-boxed-width=\"true\"><div class=\"vce-row vce-row--has-col-background vce-row--col-gap-30 vce-row-equal-height vce-row-content--top\" id=\"el-bd4d9d04\" data-vce-do-apply=\"all el-bd4d9d04\"><div class=\"vce-content-background-container\"><\/div><div class=\"vce-row-content\" data-vce-element-content=\"true\"><div class=\"vce-col vce-col--md-66-66p vce-col--xs-1 vce-col--xs-last vce-col--xs-first vce-col--sm-last vce-col--sm-first vce-col--md-first vce-col--lg-first vce-col--xl-first\" id=\"el-8beb93d3\"><div class=\"vce-col-inner\" data-vce-do-apply=\"border margin background  el-8beb93d3\"><div class=\"vce-col-content\" data-vce-element-content=\"true\" data-vce-do-apply=\"padding el-8beb93d3\"><div class=\"vce-image-masonry-gallery\" data-photoswipe-gallery=\"d6477d2d\"><div class=\"vce-image-masonry-gallery-wrapper vce vce-image-masonry-gallery--gap-10 vce-image-masonry-gallery--columns-3\" id=\"el-d6477d2d\" data-vce-do-apply=\"all el-d6477d2d\"><div class=\"vce-image-masonry-gallery-list\"><div class=\"vce-image-masonry-gallery-column\"><a href=\"https:\/\/calvarymaranatha.com\/wp-content\/uploads\/2023\/03\/20220703120525_IMG_6023-scaled.jpg\" data-photoswipe-image=\"d6477d2d\" data-photoswipe-index=\"0\" data-photoswipe-item=\"photoswipe-d6477d2d\" class=\"vce-image-masonry-gallery-item\" data-pswp-uid=\"1\"><img decoding=\"async\" class=\"vce-image-masonry-gallery-img\" src=\"https:\/\/calvarymaranatha.com\/wp-content\/uploads\/2023\/03\/20220703120525_IMG_6023-scaled.jpg\" alt=\"\"><\/a><a href=\"https:\/\/calvarymaranatha.com\/wp-content\/uploads\/2023\/03\/335387005_937634944036006_6070376194477111444_n-e1679164517675.jpg\" data-photoswipe-image=\"d6477d2d\" data-photoswipe-index=\"1\" data-photoswipe-item=\"photoswipe-d6477d2d\" class=\"vce-image-masonry-gallery-item\" data-pswp-uid=\"2\"><img decoding=\"async\" class=\"vce-image-masonry-gallery-img\" src=\"https:\/\/calvarymaranatha.com\/wp-content\/uploads\/2023\/03\/335387005_937634944036006_6070376194477111444_n-e1679164517675.jpg\" alt=\"\"><\/a><a href=\"https:\/\/calvarymaranatha.com\/wp-content\/uploads\/2023\/03\/IMG_2677-scaled-e1679165003548.jpg\" data-photoswipe-image=\"d6477d2d\" data-photoswipe-index=\"2\" data-photoswipe-item=\"photoswipe-d6477d2d\" class=\"vce-image-masonry-gallery-item\" data-pswp-uid=\"3\"><img decoding=\"async\" class=\"vce-image-masonry-gallery-img\" src=\"https:\/\/calvarymaranatha.com\/wp-content\/uploads\/2023\/03\/IMG_2677-scaled-e1679165003548.jpg\" alt=\"\"><\/a><\/div><div class=\"vce-image-masonry-gallery-column\"><a href=\"https:\/\/calvarymaranatha.com\/wp-content\/uploads\/2023\/03\/IMG_2554FULL-2.bmp\" data-photoswipe-image=\"d6477d2d\" data-photoswipe-index=\"3\" data-photoswipe-item=\"photoswipe-d6477d2d\" class=\"vce-image-masonry-gallery-item\" data-pswp-uid=\"4\"><img decoding=\"async\" class=\"vce-image-masonry-gallery-img\" src=\"https:\/\/calvarymaranatha.com\/wp-content\/uploads\/2023\/03\/IMG_2554FULL-2.bmp\" alt=\"\"><\/a><a href=\"https:\/\/calvarymaranatha.com\/wp-content\/uploads\/2023\/03\/IMG_5353-scaled.jpg\" data-photoswipe-image=\"d6477d2d\" data-photoswipe-index=\"4\" data-photoswipe-item=\"photoswipe-d6477d2d\" class=\"vce-image-masonry-gallery-item\" data-pswp-uid=\"5\"><img decoding=\"async\" class=\"vce-image-masonry-gallery-img\" src=\"https:\/\/calvarymaranatha.com\/wp-content\/uploads\/2023\/03\/IMG_5353-scaled.jpg\" alt=\"\"><\/a><\/div><div class=\"vce-image-masonry-gallery-column\"><a href=\"https:\/\/calvarymaranatha.com\/wp-content\/uploads\/2023\/03\/IMG_4275-scaled.jpg\" data-photoswipe-image=\"d6477d2d\" data-photoswipe-index=\"5\" data-photoswipe-item=\"photoswipe-d6477d2d\" class=\"vce-image-masonry-gallery-item\" data-pswp-uid=\"6\"><img decoding=\"async\" class=\"vce-image-masonry-gallery-img\" src=\"https:\/\/calvarymaranatha.com\/wp-content\/uploads\/2023\/03\/IMG_4275-scaled.jpg\" alt=\"\"><\/a><a href=\"https:\/\/calvarymaranatha.com\/wp-content\/uploads\/2023\/03\/IMG_4274.jpg\" data-photoswipe-image=\"d6477d2d\" data-photoswipe-index=\"6\" data-photoswipe-item=\"photoswipe-d6477d2d\" class=\"vce-image-masonry-gallery-item\" data-pswp-uid=\"7\"><img decoding=\"async\" class=\"vce-image-masonry-gallery-img\" src=\"https:\/\/calvarymaranatha.com\/wp-content\/uploads\/2023\/03\/IMG_4274.jpg\" alt=\"\"><\/a><\/div><\/div><\/div><\/div><\/div><\/div><\/div><div class=\"vce-col vce-element--has-background vce-col--md-33-34p vce-col--xs-1 vce-col--xs-last vce-col--xs-first vce-col--sm-last vce-col--sm-first vce-col--md-last vce-col--lg-last vce-col--xl-last\" id=\"el-27c216cd\"><div class=\"vce-col-inner\" data-vce-do-apply=\"border margin background  el-27c216cd\"><div class=\"vce-content-background-container\"><\/div><div class=\"vce-col-content\" data-vce-element-content=\"true\" data-vce-do-apply=\"padding el-27c216cd\"><div class=\"vce-google-fonts-heading vce-google-fonts-heading--align-center vce-google-fonts-heading--gradient-empty--94--5C00FF--FF7200 vce-google-fonts-heading--font-family-Lato\"><div id=\"el-d12feaee\" class=\"vce-google-fonts-heading-wrapper\"><div class=\"vce-google-fonts-heading--background vce\" data-vce-do-apply=\"border background  padding margin el-d12feaee\"><h1 class=\"vce-google-fonts-heading-inner\" style=\"font-weight: 400; font-style: normal;\">VISIT US<\/h1><\/div><\/div><\/div><div class=\"vce vce-separator-container vce-separator--align-center vce-separator--style-shadow\" id=\"el-9971f819\" data-vce-do-apply=\"margin el-9971f819\"><div class=\"vce-separator vce-separator--color-bfc0c1 vce-separator--width-74 vce-separator--thickness-1\" data-vce-do-apply=\"border padding background  el-9971f819\"><div class=\"vce-separator-shadow vce-separator-shadow-left\"><\/div><div class=\"vce-separator-shadow vce-separator-shadow-right\"><\/div><\/div><\/div><div class=\"vce-text-block\"><div class=\"vce-text-block-wrapper vce\" id=\"el-9fff73d5\" data-vce-do-apply=\"all el-9fff73d5\"><h2 style=\"text-align: center;\"><span style=\"font-size: 16pt;\">General Service<br><span style=\"color: #808080; font-size: 14pt;\">Sunday 10:00 am (Bilingual)<br><\/span><\/span><span style=\"font-size: 16pt;\"><span style=\"color: #808080; font-size: 14pt;\">Sunday 12:00 pm (Spanish)<\/span><\/span><\/h2>\n<h2 style=\"text-align: center;\"><span style=\"font-size: 16pt;\">General Service (Spanish)<br><span style=\"color: #808080; font-size: 14pt;\">Wednesday 6:30 pm (Spanish Only)<\/span><\/span><\/h2>\n<h2 style=\"text-align: center;\"><span style=\"font-size: 16pt;\">Groups of Men and Women<br><span style=\"font-size: 14pt; color: #808080;\">Thursday 7:00 pm<\/span><\/span><\/h2>\n<h2 style=\"text-align: center;\"><span style=\"font-size: 16pt;\">Teenagers 12-17<br><\/span><span style=\"font-size: 14pt; color: #808080;\">S\u00e1bados 4:00 pm<\/span><\/h2>\n<h2 style=\"text-align: center;\"><span style=\"font-size: 16pt;\">Young Adults Group +18<br><span style=\"color: #808080; font-size: 14pt;\">Saturday 6:00 pm<\/span><\/span><\/h2><\/div><\/div><div class=\"vce-button--style-basic-container vce-button--style-basic-container--align-center\"><span class=\"vce-button--style-basic-wrapper vce\" id=\"el-ebfb8733\" data-vce-do-apply=\"margin el-ebfb8733\"><a class=\"vce-button vce-button--style-basic vce-button--style-basic--border-rounded vce-button--style-basic--size-medium vce-button--style-basic--color-b-193-26-74--fff\" href=\"https:\/\/calvarymaranatha.com\/visitanos\/\" title=\"\" data-vce-do-apply=\"padding border background  el-ebfb8733\">More Info<\/a><\/span><\/div><\/div><\/div><\/div><\/div><\/div><\/div><\/div><\/div><\/div><\/div><\/div><\/div><div class=\"vce-row-container\" data-vce-boxed-width=\"true\"><div class=\"vce-row vce-row--has-col-background vce-row--col-gap-30 vce-row-equal-height vce-row-content--top\" id=\"el-b2efe20f\" data-vce-do-apply=\"all el-b2efe20f\"><div class=\"vce-content-background-container\"><\/div><div class=\"vce-row-content\" data-vce-element-content=\"true\"><div class=\"vce-col vce-element--has-background vce-col--md-auto vce-col--xs-1 vce-col--xs-last vce-col--xs-first vce-col--sm-last vce-col--sm-first vce-col--md-last vce-col--lg-last vce-col--xl-last vce-col--md-first vce-col--lg-first vce-col--xl-first\" id=\"el-f8b52035\"><div class=\"vce-col-inner\" data-vce-do-apply=\"border margin background  el-f8b52035\"><div class=\"vce-content-background-container\"><div class=\"vce-asset-background-simple-container vce-visible-all-only vce-asset-background-simple--style-cover vce-asset-background-simple--position-center-center\"><div class=\"vce-asset-background-simple\">\n              <div class=\"vce-asset-background-simple-item vcv-lozad\" data-background-image=\"https:\/\/calvarymaranatha.com\/wp-content\/uploads\/2023\/03\/green-texture-scaled.jpg\"><\/div>\n              <noscript>\n                <div class=\"vce-asset-background-simple-item\" style=\"background-image: url(https:\/\/calvarymaranatha.com\/wp-content\/uploads\/2023\/03\/green-texture-scaled.jpg)\"><\/div>\n              <\/noscript>\n            <\/div><\/div><\/div><div class=\"vce-col-content\" data-vce-element-content=\"true\" data-vce-do-apply=\"padding el-f8b52035\"><div class=\"vce-row-container\" data-vce-boxed-width=\"true\"><div class=\"vce-row vce-row--col-gap-30 vce-row-equal-height vce-row-content--middle\" id=\"el-707ac0bb\" data-vce-do-apply=\"all el-707ac0bb\"><div class=\"vce-content-background-container\"><\/div><div class=\"vce-row-content\" data-vce-element-content=\"true\"><div class=\"vce-col vce-col--md-44p vce-col--xs-1 vce-col--xs-last vce-col--xs-first vce-col--sm-last vce-col--sm-first vce-col--md-first vce-col--lg-first vce-col--xl-first\" id=\"el-1b899ed6\"><div class=\"vce-col-inner\" data-vce-do-apply=\"border margin background  el-1b899ed6\"><div class=\"vce-content-background-container\"><\/div><div class=\"vce-col-content\" data-vce-element-content=\"true\" data-vce-do-apply=\"padding el-1b899ed6\"><div class=\"vce-google-fonts-heading vce-google-fonts-heading--align-center vce-google-fonts-heading--color-b-255-247-162--45--5C00FF--FF7200 vce-google-fonts-heading--font-family-Satisfy\"><div id=\"el-8f630eb8\" class=\"vce-google-fonts-heading-wrapper\"><div class=\"vce-google-fonts-heading--background vce\" data-vce-do-apply=\"border background  padding margin el-8f630eb8\"><h1 class=\"vce-google-fonts-heading-inner\" style=\"font-size: 55px; font-weight: 400; font-style: normal;\">Church Planting<\/h1><\/div><\/div><\/div><div class=\"vce-button--style-basic-container vce-button--style-basic-container--align-center\"><span class=\"vce-button--style-basic-wrapper vce\" id=\"el-6869cc69\" data-vce-do-apply=\"margin el-6869cc69\"><a class=\"vce-button vce-button--style-basic vce-button--style-basic--border-rounded vce-button--style-basic--size-medium vce-button--style-basic--color-b-87-146-2--b-255-255-255\" href=\"https:\/\/calvarymaranatha.com\/plantacion-de-iglesias\/\" title=\"\" data-vce-do-apply=\"padding border background  el-6869cc69\">See All<\/a><\/span><\/div><\/div><\/div><\/div><div class=\"vce-col vce-col--md-56p vce-col--xs-1 vce-col--xs-last vce-col--xs-first vce-col--sm-last vce-col--sm-first vce-col--md-last vce-col--lg-last vce-col--xl-last\" id=\"el-0abfb42c\"><div class=\"vce-col-inner\" data-vce-do-apply=\"border margin background  el-0abfb42c\"><div class=\"vce-content-background-container\"><\/div><div class=\"vce-col-content\" data-vce-element-content=\"true\" data-vce-do-apply=\"padding el-0abfb42c\"><div class=\"vce-google-fonts-heading vce-google-fonts-heading--align-center vce-google-fonts-heading--color-b-255-192-0--45--5C00FF--FF7200 vce-google-fonts-heading--font-family-Lato\"><div id=\"el-5e24b57a\" class=\"vce-google-fonts-heading-wrapper\"><div class=\"vce-google-fonts-heading--background vce\" data-vce-do-apply=\"border background  padding margin el-5e24b57a\"><h1 class=\"vce-google-fonts-heading-inner\" style=\"font-weight: 400; font-style: normal;\">NEXT CHURCH PLANTING<\/h1><\/div><\/div><\/div><div class=\"vce-row-container\" data-vce-boxed-width=\"true\"><div class=\"vce-row vce-row--col-gap-30 vce-row-equal-height vce-row-content--middle\" id=\"el-b335ddd0\" data-vce-do-apply=\"all el-b335ddd0\"><div class=\"vce-content-background-container\"><\/div><div class=\"vce-row-content\" data-vce-element-content=\"true\"><div class=\"vce-col vce-col--md-40p vce-col--xs-1 vce-col--xs-last vce-col--xs-first vce-col--sm-last vce-col--sm-first vce-col--md-first vce-col--lg-first vce-col--xl-first\" id=\"el-8b658e91\"><div class=\"vce-col-inner\" data-vce-do-apply=\"border margin background  el-8b658e91\"><div class=\"vce-content-background-container\"><\/div><div class=\"vce-col-content\" data-vce-element-content=\"true\" data-vce-do-apply=\"padding el-8b658e91\"><div class=\"vcv-row-control-wrapper\"><\/div><\/div><\/div><\/div><div class=\"vce-col vce-col--md-60p vce-col--xs-1 vce-col--xs-last vce-col--xs-first vce-col--sm-last vce-col--sm-first vce-col--md-last vce-col--lg-last vce-col--xl-last\" id=\"el-9c2b759f\"><div class=\"vce-col-inner\" data-vce-do-apply=\"border margin background  el-9c2b759f\"><div class=\"vce-content-background-container\"><\/div><div class=\"vce-col-content\" data-vce-element-content=\"true\" data-vce-do-apply=\"padding el-9c2b759f\"><div class=\"vcv-row-control-wrapper\"><\/div><\/div><\/div><\/div><\/div><\/div><\/div><\/div><\/div><\/div><\/div><\/div><\/div><\/div><\/div><\/div><\/div><\/div><\/div><div class=\"vce-row-container\" data-vce-boxed-width=\"true\"><div class=\"vce-row vce-row--col-gap-30 vce-row-equal-height vce-row-content--top\" id=\"el-06b5ca5d\" data-vce-do-apply=\"all el-06b5ca5d\"><div class=\"vce-content-background-container\"><div class=\"vce-asset-video-yt-container vce-visible-all-only\"><div class=\"vce-asset-video-yt-wrapper\"><div class=\"vce-asset-video-yt-background vce-asset-video-yt--state-landscape\" data-vce-assets-video-yt=\"X-HL-r5TOiU\" data-vce-assets-video-replacer=\".vce-asset-video-yt-player\" data-vce-assets-video-orientation-class=\"vce-asset-video-yt--state-landscape\"><svg class=\"vce-asset-video-yt-sizer\" width=\"640\" height=\"360\" data-vce-assets-video-state=\"visible\"><\/svg><div class=\"vce-asset-video-yt-player\"><\/div><\/div><\/div><\/div><\/div><div class=\"vce-row-content\" data-vce-element-content=\"true\"><div class=\"vce-col vce-col--md-auto vce-col--xs-1 vce-col--xs-last vce-col--xs-first vce-col--sm-last vce-col--sm-first vce-col--md-last vce-col--lg-last vce-col--xl-last vce-col--md-first vce-col--lg-first vce-col--xl-first\" id=\"el-e080fbc1\"><div class=\"vce-col-inner\" data-vce-do-apply=\"border margin background  el-e080fbc1\"><div class=\"vce-col-content\" data-vce-element-content=\"true\" data-vce-do-apply=\"padding el-e080fbc1\"><div class=\"vce-google-fonts-heading vce-google-fonts-heading--align-center vce-google-fonts-heading--gradient-empty--20--5C00FF--FF7200 vce-google-fonts-heading--font-family-Manrope\"><div id=\"el-e35d5800\" class=\"vce-google-fonts-heading-wrapper\"><div class=\"vce-google-fonts-heading--background vce\" data-vce-do-apply=\"border background  padding margin el-e35d5800\"><h1 class=\"vce-google-fonts-heading-inner\" style=\"font-size: 50px; font-weight: 400; font-style: normal;\">Making the Name of Jesus Famous<\/h1><\/div><\/div><\/div><\/div><\/div><\/div><\/div><\/div><\/div>","protected":false},"excerpt":{"rendered":"<p>SOMOS UNA IGLESIA CRISTIANA BILING\u00dcEDonde Estudiamos la Biblia Verso a VersoM\u00e1s Sobre NosotrosVIS\u00cdTANOSReuni\u00f3n para FamiliasDomingo 10:00 am (Biling\u00fce)Domingo 12:00 pm (Espa\u00f1ol) Reuni\u00f3n para Familias (Espa\u00f1ol)Mi\u00e9rcoles 6:30 pm Grupos de Hombres y MujeresJueves 7:00 pm Grupo de Adolescentes 12-17S\u00e1bados 4:00 pm Grupo de J\u00f3venes Adultos +18S\u00e1bados 6:00 pmM\u00e1s Informaci\u00f3n Plantaci\u00f3n de IglesiasVer TodoPR\u00d3XIMA PLANTACI\u00d3NHaciendo Famoso el&#8230;<\/p>","protected":false},"author":1,"featured_media":0,"parent":0,"menu_order":0,"comment_status":"closed","ping_status":"closed","template":"","meta":{"_acf_changed":false,"footnotes":""},"class_list":["post-58","page","type-page","status-publish","hentry"],"acf":[],"_links":{"self":[{"href":"https:\/\/calvarymaranatha.com\/en\/wp-json\/wp\/v2\/pages\/58","targetHints":{"allow":["GET"]}}],"collection":[{"href":"https:\/\/calvarymaranatha.com\/en\/wp-json\/wp\/v2\/pages"}],"about":[{"href":"https:\/\/calvarymaranatha.com\/en\/wp-json\/wp\/v2\/types\/page"}],"author":[{"embeddable":true,"href":"https:\/\/calvarymaranatha.com\/en\/wp-json\/wp\/v2\/users\/1"}],"replies":[{"embeddable":true,"href":"https:\/\/calvarymaranatha.com\/en\/wp-json\/wp\/v2\/comments?post=58"}],"version-history":[{"count":214,"href":"https:\/\/calvarymaranatha.com\/en\/wp-json\/wp\/v2\/pages\/58\/revisions"}],"predecessor-version":[{"id":2345,"href":"https:\/\/calvarymaranatha.com\/en\/wp-json\/wp\/v2\/pages\/58\/revisions\/2345"}],"wp:attachment":[{"href":"https:\/\/calvarymaranatha.com\/en\/wp-json\/wp\/v2\/media?parent=58"}],"curies":[{"name":"wp","href":"https:\/\/api.w.org\/{rel}","templated":true}]}}