{"id":6,"date":"2018-03-18T02:37:14","date_gmt":"2018-03-18T02:37:14","guid":{"rendered":"https:\/\/calvarymaranatha.com\/?page_id=6"},"modified":"2023-04-12T12:56:11","modified_gmt":"2023-04-12T18:56:11","slug":"que-creemos","status":"publish","type":"page","link":"https:\/\/calvarymaranatha.com\/en\/que-creemos\/","title":{"rendered":"What We Believe"},"content":{"rendered":"<div class=\"vce-row-container\" data-vce-boxed-width=\"true\"><div class=\"vce-row vce-row--col-gap-30 vce-row-equal-height vce-row-content--top\" id=\"el-d7516470\" data-vce-do-apply=\"all el-d7516470\"><div class=\"vce-content-background-container\"><\/div><div class=\"vce-row-content\" data-vce-element-content=\"true\"><div class=\"vce-col vce-col--md-66-66p vce-col--xs-1 vce-col--xs-last vce-col--xs-first vce-col--sm-last vce-col--sm-first vce-col--md-first vce-col--lg-first vce-col--xl-first\" id=\"el-85d77d56\"><div class=\"vce-col-inner\" data-vce-do-apply=\"border margin background  el-85d77d56\"><div class=\"vce-col-content\" data-vce-element-content=\"true\" data-vce-do-apply=\"padding el-85d77d56\"><div class=\"vce-text-block\"><div class=\"vce-text-block-wrapper vce\" id=\"el-25c7f821\" data-vce-do-apply=\"all el-25c7f821\"><p>We believe in a personal, transcendent, and sacred God, the creator of everything, who is eternal, and who manifests himself in three different persons: Father, Son, and Holy Spirit. (Genesis 1:1; Deuteronomy 6:4)<\/p><p>We believe that Jesus Christ is fully God and fully human, born of a virgin, lived a sinless life, provided for the atonement of our sins by his substitutionary death on the cross, was resurrected by the power of the Holy Spirit, ascended back to earth right hand of God the Father, and lives forever to intercede for us.<\/p><\/div><\/div><\/div><\/div><\/div><div class=\"vce-col vce-col--md-33-34p vce-col--xs-1 vce-col--xs-last vce-col--xs-first vce-col--sm-last vce-col--sm-first vce-col--md-last vce-col--lg-last vce-col--xl-last\" id=\"el-dc2aef92\"><div class=\"vce-col-inner\" data-vce-do-apply=\"border margin background  el-dc2aef92\"><div class=\"vce-col-content\" data-vce-element-content=\"true\" data-vce-do-apply=\"padding el-dc2aef92\"><div class=\"vce-single-image-container vce-single-image--align-left\"><div class=\"vce vce-single-image-wrapper\" id=\"el-ea1c9e22\" data-vce-do-apply=\"all el-ea1c9e22\"><figure><div class=\"vce-single-image-figure-inner\" style=\"width: 600px;\"><div class=\"vce-single-image-inner vce-single-image--absolute\" style=\"width: 100%; padding-bottom: 50%;\"><img loading=\"lazy\" decoding=\"async\" class=\"vce-single-image\"  width=\"600\" height=\"300\" srcset=\"https:\/\/calvarymaranatha.com\/wp-content\/uploads\/2023\/04\/315776586_5489652994475721_3532685556196067777_n-1-e1681325211600-320x164.jpg 320w, https:\/\/calvarymaranatha.com\/wp-content\/uploads\/2023\/04\/315776586_5489652994475721_3532685556196067777_n-1-e1681325211600-480x246.jpg 480w, https:\/\/calvarymaranatha.com\/wp-content\/uploads\/2023\/04\/315776586_5489652994475721_3532685556196067777_n-1-e1681325211600-800x409.jpg 800w, https:\/\/calvarymaranatha.com\/wp-content\/uploads\/2023\/04\/315776586_5489652994475721_3532685556196067777_n-1-e1681325211600-600x400.jpg 600w, https:\/\/calvarymaranatha.com\/wp-content\/uploads\/2023\/04\/315776586_5489652994475721_3532685556196067777_n-1-e1681325211600-1200x600.jpg 2x\" src=\"https:\/\/calvarymaranatha.com\/wp-content\/uploads\/2023\/04\/315776586_5489652994475721_3532685556196067777_n-1-e1681325211600-600x400.jpg\" data-img-src=\"https:\/\/calvarymaranatha.com\/wp-content\/uploads\/2023\/04\/315776586_5489652994475721_3532685556196067777_n-1-e1681325211600.jpg\" data-attachment-id=\"1798\"  alt=\"\" title=\"315776586_5489652994475721_3532685556196067777_n\" \/><\/div><\/div><figcaption hidden=\"\"><\/figcaption><\/figure><\/div><\/div><\/div><\/div><\/div><\/div><\/div><\/div><div class=\"vce-row-container\" data-vce-boxed-width=\"true\"><div class=\"vce-row vce-row--col-gap-30 vce-row-equal-height vce-row-content--top\" id=\"el-7e68d8f3\" data-vce-do-apply=\"all el-7e68d8f3\"><div class=\"vce-row-content\" data-vce-element-content=\"true\"><div class=\"vce-col vce-col--md-auto vce-col--xs-1 vce-col--xs-last vce-col--xs-first vce-col--sm-last vce-col--sm-first vce-col--md-last vce-col--lg-last vce-col--xl-last vce-col--md-first vce-col--lg-first vce-col--xl-first\" id=\"el-c0cac25e\"><div class=\"vce-col-inner\" data-vce-do-apply=\"border margin background  el-c0cac25e\"><div class=\"vce-col-content\" data-vce-element-content=\"true\" data-vce-do-apply=\"padding el-c0cac25e\"><div class=\"vce-text-block\"><div class=\"vce-text-block-wrapper vce\" id=\"el-aaa1da11\" data-vce-do-apply=\"all el-aaa1da11\"><p>After ascending to heaven, Jesus poured out his Holy Spirit on the believers in Jerusalem, enabling them to carry out his command to preach the gospel to the whole world. An obligation shared by all believers today.<\/p><p>We believe that everyone is by nature separated from God and responsible for their own sin, but that salvation, redemption, and forgiveness of sin are freely offered to all by our Lord Jesus Christ. When a person repents of sin and accepts Jesus Christ as his personal Lord and Savior. Trusting in Him, that person is immediately reborn and is sealed by the Holy Spirit. He is forgiven all his sins and he becomes a child of God, destined to spend an eternity with the Lord.<\/p><p>We believe in the person and work of the Holy Spirit, who indwells, seals, and bestows gifts on each believer, baptizing them into the body of Christ.<\/p><p>We believe that the Holy Spirit will come to any believer who asks in faith, enabling them to preach the gospel with power. We also believe that all the gifts of the Holy Spirit mentioned in scripture are legitimate today if they are exercised within biblical guidelines. 1 Corinthians 12-14<\/p><p>We believe in the inerrancy of the Scriptures, that the Bible - Old and New Testament - is the inspired and inerrant Word of God.<\/p><\/div><\/div><\/div><\/div><\/div><\/div><\/div><\/div>","protected":false},"excerpt":{"rendered":"<p>Creemos en un Dios personal, transcendente, y sagrado, el creador de todo, que es eterno, y quien se manifiesta en tres personas distintas: Padre, Hijo y Esp\u00edritu Santo. (G\u00e9nesis 1:1; Deuteronomio 6:4)Creemos que Jesucristo es completamente Dios y completamente humano, que naci\u00f3 de una virgen, vivi\u00f3 una vida sin pecado, provey\u00f3 por la expiaci\u00f3n de&#8230;<\/p>","protected":false},"author":1,"featured_media":0,"parent":0,"menu_order":0,"comment_status":"closed","ping_status":"closed","template":"","meta":{"_acf_changed":false,"footnotes":""},"class_list":["post-6","page","type-page","status-publish","hentry"],"acf":[],"_links":{"self":[{"href":"https:\/\/calvarymaranatha.com\/en\/wp-json\/wp\/v2\/pages\/6","targetHints":{"allow":["GET"]}}],"collection":[{"href":"https:\/\/calvarymaranatha.com\/en\/wp-json\/wp\/v2\/pages"}],"about":[{"href":"https:\/\/calvarymaranatha.com\/en\/wp-json\/wp\/v2\/types\/page"}],"author":[{"embeddable":true,"href":"https:\/\/calvarymaranatha.com\/en\/wp-json\/wp\/v2\/users\/1"}],"replies":[{"embeddable":true,"href":"https:\/\/calvarymaranatha.com\/en\/wp-json\/wp\/v2\/comments?post=6"}],"version-history":[{"count":7,"href":"https:\/\/calvarymaranatha.com\/en\/wp-json\/wp\/v2\/pages\/6\/revisions"}],"predecessor-version":[{"id":1799,"href":"https:\/\/calvarymaranatha.com\/en\/wp-json\/wp\/v2\/pages\/6\/revisions\/1799"}],"wp:attachment":[{"href":"https:\/\/calvarymaranatha.com\/en\/wp-json\/wp\/v2\/media?parent=6"}],"curies":[{"name":"wp","href":"https:\/\/api.w.org\/{rel}","templated":true}]}}