{"id":9,"date":"2018-03-18T02:37:48","date_gmt":"2018-03-18T02:37:48","guid":{"rendered":"https:\/\/calvarymaranatha.com\/?page_id=9"},"modified":"2025-10-16T14:26:19","modified_gmt":"2025-10-16T20:26:19","slug":"staff","status":"publish","type":"page","link":"https:\/\/calvarymaranatha.com\/en\/staff\/","title":{"rendered":"Staff"},"content":{"rendered":"<div class=\"vce-row-container\" data-vce-boxed-width=\"true\"><div class=\"vce-row vce-row--col-gap-30 vce-row-equal-height vce-row-content--top\" id=\"el-3df09cf7\" data-vce-do-apply=\"all el-3df09cf7\"><div class=\"vce-row-content\" data-vce-element-content=\"true\"><div class=\"vce-col vce-col--md-auto vce-col--xs-1 vce-col--xs-last vce-col--xs-first vce-col--sm-last vce-col--sm-first vce-col--md-last vce-col--lg-last vce-col--xl-last vce-col--md-first vce-col--lg-first vce-col--xl-first\" id=\"el-91f1f93d\"><div class=\"vce-col-inner\" data-vce-do-apply=\"border margin background  el-91f1f93d\"><div class=\"vce-col-content\" data-vce-element-content=\"true\" data-vce-do-apply=\"padding el-91f1f93d\"><div class=\"vce-google-fonts-heading vce-google-fonts-heading--align-center vce-google-fonts-heading--color-empty--45--5C00FF--FF7200 vce-google-fonts-heading--font-family-Lato\"><div id=\"el-ff1270b1\" class=\"vce-google-fonts-heading-wrapper\"><div class=\"vce-google-fonts-heading--background vce\" data-vce-do-apply=\"border background  padding margin el-ff1270b1\"><h2 class=\"vce-google-fonts-heading-inner\" style=\"font-weight: 400; font-style: normal;\">STAFF<\/h2><\/div><\/div><\/div><\/div><\/div><\/div><\/div><\/div><\/div><div class=\"vce-row-container\" data-vce-boxed-width=\"true\"><div class=\"vce-row vce-row--col-gap-30 vce-row-equal-height vce-row-content--top\" id=\"el-990a5235\" data-vce-do-apply=\"all el-990a5235\"><div class=\"vce-content-background-container\"><\/div><div class=\"vce-row-content\" data-vce-element-content=\"true\"><div class=\"vce-col vce-col--md-auto vce-col--xs-1 vce-col--xs-last vce-col--xs-first vce-col--sm-last vce-col--sm-first vce-col--md-first vce-col--lg-first vce-col--xl-first\" id=\"el-dba8ef83\"><div class=\"vce-col-inner\" data-vce-do-apply=\"border margin background  el-dba8ef83\"><div class=\"vce-col-content\" data-vce-element-content=\"true\" data-vce-do-apply=\"padding el-dba8ef83\"><div class=\"vce-feature-description vce\" id=\"el-ca9db813\" data-vce-do-apply=\"all el-ca9db813\"><div><div class=\"vce-feature-description-image-wrapper vce-feature-description-image-align--center\" style=\"width: 300px;\"><div class=\"vce-feature-description-image vce-features-shape--filled-circle vce-feature-description-image--background-position-center-center\" style=\"background-image: url('https:\/\/calvarymaranatha.com\/wp-content\/uploads\/2023\/04\/20230219133027_IMG_8203.jpg'); padding: 0px 0px 100%;\"><\/div><\/div><div class=\"vce-feature-description-content\"><h1 style=\"text-transform: uppercase; text-align: center; line-height: 0.5;\">tony Carranza<\/h1>\n<p style=\"text-align: center; line-height: 0.5;\">Lead Pastor <a href=\"https:\/\/calvarymaranatha.com\/pastor\/\">See More<\/a><\/p><\/div><div><\/div><\/div><\/div><\/div><\/div><\/div><div class=\"vce-col vce-col--md-auto vce-col--xs-1 vce-col--xs-last vce-col--xs-first vce-col--sm-last vce-col--sm-first vce-col--md-last vce-col--lg-last vce-col--xl-last\" id=\"el-6adf113c\"><div class=\"vce-col-inner\" data-vce-do-apply=\"border margin background  el-6adf113c\"><div class=\"vce-col-content\" data-vce-element-content=\"true\" data-vce-do-apply=\"padding el-6adf113c\"><div class=\"vce-feature-description vce\" id=\"el-e71e9cc6\" data-vce-do-apply=\"all el-e71e9cc6\"><div><div class=\"vce-feature-description-image-wrapper vce-feature-description-image-align--center\" style=\"width: 300px;\"><div class=\"vce-feature-description-image vce-features-shape--filled-circle vce-feature-description-image--background-position-center-center\" style=\"background-image: url('https:\/\/calvarymaranatha.com\/wp-content\/uploads\/2023\/04\/20220904192110_IMG_7191-2-scaled.jpg'); padding: 0px 0px 100%;\"><\/div><\/div><div class=\"vce-feature-description-content\"><h1 style=\"text-transform: uppercase; text-align: center; line-height: 0.5;\">MAnuel Ca\u00f1edo<\/h1>\n<p style=\"text-align: center; line-height: 0.5;\">Assistant Pastor<\/p><\/div><div><\/div><\/div><\/div><\/div><\/div><\/div><\/div><\/div><\/div><div class=\"vce-row-container\" data-vce-boxed-width=\"true\"><div class=\"vce-row vce-row--col-gap-30 vce-row-equal-height vce-row-content--top\" id=\"el-3f41c8df\" data-vce-do-apply=\"all el-3f41c8df\"><div class=\"vce-row-content\" data-vce-element-content=\"true\"><div class=\"vce-col vce-col--md-auto vce-col--xs-1 vce-col--xs-last vce-col--xs-first vce-col--sm-last vce-col--sm-first vce-col--md-first vce-col--lg-first vce-col--xl-first\" id=\"el-9856c329\"><div class=\"vce-col-inner\" data-vce-do-apply=\"border margin background  el-9856c329\"><div class=\"vce-col-content\" data-vce-element-content=\"true\" data-vce-do-apply=\"padding el-9856c329\"><div class=\"vce-feature-description vce\" id=\"el-b06813aa\" data-vce-do-apply=\"all el-b06813aa\"><div><div class=\"vce-feature-description-image-wrapper vce-feature-description-image-align--center\" style=\"width: 300px;\"><div class=\"vce-feature-description-image vce-features-shape--filled-circle vce-feature-description-image--background-position-center-center\" style=\"background-image: url('https:\/\/calvarymaranatha.com\/wp-content\/uploads\/2023\/04\/IMG_20221014_205155-scaled.jpg'); padding: 0px 0px 100%;\"><\/div><\/div><div class=\"vce-feature-description-content\"><h1 style=\"text-transform: uppercase; text-align: center; line-height: 0.5;\">Eunice CA\u00d1EDO<\/h1>\n<p style=\"text-align: center; line-height: 0.5;\">Prayer <a href=\"https:\/\/calvarymaranatha.com\/oracion\/\">See More<\/a><\/p><\/div><div><\/div><\/div><\/div><\/div><\/div><\/div><div class=\"vce-col vce-col--md-auto vce-col--xs-1 vce-col--xs-last vce-col--xs-first vce-col--sm-last vce-col--sm-first vce-col--md-last vce-col--lg-last vce-col--xl-last\" id=\"el-84971574\"><div class=\"vce-col-inner\" data-vce-do-apply=\"border margin background  el-84971574\"><div class=\"vce-col-content\" data-vce-element-content=\"true\" data-vce-do-apply=\"padding el-84971574\"><div class=\"vce-feature-description vce\" id=\"el-11dce4a5\" data-vce-do-apply=\"all el-11dce4a5\"><div><div class=\"vce-feature-description-image-wrapper vce-feature-description-image-align--center\" style=\"width: 300px;\"><div class=\"vce-feature-description-image vce-features-shape--filled-circle vce-feature-description-image--background-position-center-center\" style=\"background-image: url('https:\/\/calvarymaranatha.com\/wp-content\/uploads\/2023\/04\/336401293_131904716498872_5383205112203469859_n.jpg'); padding: 0px 0px 100%;\"><\/div><\/div><div class=\"vce-feature-description-content\"><h1 style=\"text-transform: uppercase; text-align: center; line-height: 0.5;\">\u00c1ngela CARRANZA<\/h1>\n<p style=\"text-align: center; line-height: 0.5;\">Selah &amp; Maranatha Kids - <a href=\"https:\/\/calvarymaranatha.com\/ministerio-de-mujeres-selah\/\">See More<\/a><\/p><\/div><div><\/div><\/div><\/div><\/div><\/div><\/div><\/div><\/div><\/div><div class=\"vce-row-container\" data-vce-boxed-width=\"true\"><div class=\"vce-row vce-row--col-gap-30 vce-row-equal-height vce-row-content--top\" id=\"el-04151458\" data-vce-do-apply=\"all el-04151458\"><div class=\"vce-row-content\" data-vce-element-content=\"true\"><div class=\"vce-col vce-col--md-auto vce-col--xs-1 vce-col--xs-last vce-col--xs-first vce-col--sm-last vce-col--sm-first vce-col--md-last vce-col--lg-last vce-col--xl-last vce-col--md-first vce-col--lg-first vce-col--xl-first\" id=\"el-fe0b0472\"><div class=\"vce-col-inner\" data-vce-do-apply=\"border margin background  el-fe0b0472\"><div class=\"vce-col-content\" data-vce-element-content=\"true\" data-vce-do-apply=\"padding el-fe0b0472\"><div><\/div><\/div><\/div><\/div><\/div><\/div><\/div>","protected":false},"excerpt":{"rendered":"<p>STAFFtony Carranza Pastor Principal &#8211; Ver M\u00e1s \u27a1MAnuel Ca\u00f1edo Pastor AsistenteEunice CA\u00d1EDO Oraci\u00f3n &#8211; Ver M\u00e1s \u27a1\u00c1ngela CARRANZA Selah &amp; Maranatha Kids &#8211; Ver M\u00e1s \u27a1<\/p>","protected":false},"author":1,"featured_media":0,"parent":0,"menu_order":0,"comment_status":"closed","ping_status":"closed","template":"template-page-builder-no-sidebar.php","meta":{"_acf_changed":false,"footnotes":""},"class_list":["post-9","page","type-page","status-publish","hentry"],"acf":[],"_links":{"self":[{"href":"https:\/\/calvarymaranatha.com\/en\/wp-json\/wp\/v2\/pages\/9","targetHints":{"allow":["GET"]}}],"collection":[{"href":"https:\/\/calvarymaranatha.com\/en\/wp-json\/wp\/v2\/pages"}],"about":[{"href":"https:\/\/calvarymaranatha.com\/en\/wp-json\/wp\/v2\/types\/page"}],"author":[{"embeddable":true,"href":"https:\/\/calvarymaranatha.com\/en\/wp-json\/wp\/v2\/users\/1"}],"replies":[{"embeddable":true,"href":"https:\/\/calvarymaranatha.com\/en\/wp-json\/wp\/v2\/comments?post=9"}],"version-history":[{"count":30,"href":"https:\/\/calvarymaranatha.com\/en\/wp-json\/wp\/v2\/pages\/9\/revisions"}],"predecessor-version":[{"id":2284,"href":"https:\/\/calvarymaranatha.com\/en\/wp-json\/wp\/v2\/pages\/9\/revisions\/2284"}],"wp:attachment":[{"href":"https:\/\/calvarymaranatha.com\/en\/wp-json\/wp\/v2\/media?parent=9"}],"curies":[{"name":"wp","href":"https:\/\/api.w.org\/{rel}","templated":true}]}}